{"id":15,"date":"2020-05-07T09:24:26","date_gmt":"2020-05-07T07:24:26","guid":{"rendered":"http:\/\/pharmacie-kerangal.com\/pharmacie\/?page_id=15"},"modified":"2020-10-03T17:39:31","modified_gmt":"2020-10-03T15:39:31","slug":"mentions-legales","status":"publish","type":"page","link":"https:\/\/pharmacie-kerangal.com\/pharmacie\/mentions-legales\/","title":{"rendered":"Mentions l\u00e9gales\/ Politique de confidentialit\u00e9"},"content":{"rendered":"\n<p><span class=\"brand-main\" data-action=\"cookie-dialog\"><\/span><\/p>\n\n\n\n<p><\/p>\n\n\n\n<h1>MENTIONS LEGALES :<\/h1>\n\n\n\n<p><strong>\u00c9DITEUR<\/strong><\/p>\n\n\n\n<p>Le site <a rel=\"noreferrer noopener\" href=\"http:\/\/www.pharmacie-kerangal.com\" target=\"_blank\">www.pharmacie-kerangal.com<\/a> est la propri\u00e9t\u00e9 exclusive de SELARL Pharmacie Kerangal.<\/p>\n\n\n\n<p>Pharmacie Kerangal<br>SELARL au capital de 300000 \u20ac<\/p>\n\n\n\n<p>T\u00e9l : 0299501202<\/p>\n\n\n\n<p>50 Boulevard G.Cl\u00e9menceau 35200 RENNES<br>Immatricul\u00e9e au Registre du Commerce et des Soci\u00e9t\u00e9s de RENNES sous le num\u00e9ro 78909516300018<\/p>\n\n\n\n<p>Num\u00e9ro TVA intracommunautaire : FR16 789 095 163<\/p>\n\n\n\n<p><br>Directeur de la publication : SELARL Pharmacie Kerangal<br>Pour contacter le responsable de la publication : <strong>c<\/strong>ontact@pharmacie-kerangal.com<\/p>\n\n\n\n<p><strong>H\u00c9BERGEMENT<\/strong><\/p>\n\n\n\n<p>GANDI SAS <\/p>\n\n\n\n<p>63-65 boulevard Massena <\/p>\n\n\n\n<p>75013 PARIS<\/p>\n\n\n\n<p><\/p>\n\n\n\n<h1 class=\"has-text-align-left\">POLITIQUE DE CONFIDENTIALITE<\/h1>\n\n\n\n<h1 class=\"has-text-align-left\">ET CONDITIONS GENERALES D&rsquo;UTILISATION<br><\/h1>\n\n\n\n<p><\/p>\n\n\n\n<h3>Introduction&nbsp;:<\/h3>\n\n\n\n<p>Les pr\u00e9sentes conditions g\u00e9n\u00e9rales r\u00e9gissent de fa\u00e7on exclusive les relations contractuelles entre&nbsp;:<\/p>\n\n\n\n<p>La&nbsp;Pharmacie Kerangal, inscrite au Tableau de l\u2019Ordre des Pharmaciens sous le num\u00e9ro 18272, exploitant le site dont le si\u00e8ge social est situ\u00e9 au&nbsp;50, Boulevard Georges Clemenceau 35200 Rennes.<\/p>\n\n\n\n<p>et<\/p>\n\n\n\n<p>L&rsquo;utilisateur, toute personne se connectant ou consultant le&nbsp;SITE.<\/p>\n\n\n\n<p>Dans la suite de ce document la&nbsp;Pharmacie sera r\u00e9f\u00e9renc\u00e9e sous le nom la&nbsp;PHARMACIE&nbsp;et le site associ\u00e9&nbsp;<a href=\"http:\/\/www.pharmacie-kerangal.com\/\">www.pharmacie-kerangal.com<\/a> sous l\u2019appellation le&nbsp;SITE.<\/p>\n\n\n\n<p>En naviguant sur le&nbsp;SITE, L&rsquo;utilisateur&nbsp;accepte d\u2019\u00eatre li\u00e9 par les pr\u00e9sentes conditions.<\/p>\n\n\n\n<p>Les pr\u00e9sentes conditions sont accessibles \u00e0 tous sur le&nbsp;SITE&nbsp;dans la partie \u00ab Conditions G\u00e9n\u00e9rales d\u2019Utilisation \u00bb. La&nbsp;PHARMACIE&nbsp;se r\u00e9serve le droit de modifier \u00e0 tout moment les pr\u00e9sentes conditions g\u00e9n\u00e9rales sous r\u00e9serve de faire appara\u00eetre ces modifications sur le&nbsp;SITE.<\/p>\n\n\n\n<h3>&nbsp;<\/h3>\n\n\n\n<h3>Article 1- Accessibilit\u00e9<\/h3>\n\n\n\n<p>Le Site est accessible gratuitement \u00e0 tout utilisateur disposant d\u2019un acc\u00e8s \u00e0 internet.<\/p>\n\n\n\n<p>L\u2019utilisateur du Site est responsable de son \u00e9quipement informatique ainsi que de son acc\u00e8s \u00e0 internet. Tous les co\u00fbts relatifs \u00e0 l\u2019acc\u00e8s au Site restent \u00e0 la charge de l\u2019Utilisateur.<\/p>\n\n\n\n<p>L\u2019\u00e9diteur mettra en \u0153uvre tous les moyens afin d\u2019assurer un acc\u00e8s au Site 24h\/24, 7 jours\/7, mais ne pourra \u00eatre tenu responsable de toute probl\u00e8me, dysfonctionnement du Site qui emp\u00eacherait tout acc\u00e8s au Site et\/ou aux diff\u00e9rents services propos\u00e9s par \u00ab pharmacie-kerangal.com \u00bb. L\u2019\u00e9diteur fera son possible afin de r\u00e9soudre tout probl\u00e8me dans les meilleurs d\u00e9lais.<\/p>\n\n\n\n<h3>Article 2- Reproduction<\/h3>\n\n\n\n<p>Toute reproduction ou repr\u00e9sentation m\u00eame partielle par quelque proc\u00e9d\u00e9 que ce soit du pr\u00e9sent site, sans l\u2019autorisation de La pharmacie est illicite et constitue un acte de contrefa\u00e7on, \u00e0 l\u2019exception des reproductions strictement r\u00e9serv\u00e9es \u00e0 l\u2019usage du copiste et non destin\u00e9es \u00e0 une utilisation collective.<\/p>\n\n\n\n<h3>Article 3- Responsabilit\u00e9<\/h3>\n\n\n\n<p>La pharmacie s\u2019efforce de communiquer sur le pr\u00e9sent site des informations exactes et actualis\u00e9es. Toutefois, les informations diffus\u00e9es sur le pr\u00e9sent site ne sont pas contractuelles et ne constituent ni une garantie ni un engagement de la part de La pharmacie \u00e0 l\u2019\u00e9gard de tout produit ou service pr\u00e9sent\u00e9 sur ce site.<\/p>\n\n\n\n<p>La pharmacie ne saurait \u00eatre tenue pour responsable de l\u2019inexactitude des informations fournies ou de l\u2019utilisation susceptible d\u2019\u00eatre faite par les utilisateurs.<\/p>\n\n\n\n<p>La pharmacie d\u00e9cline \u00e9galement toute responsabilit\u00e9 pour toute interruption du site, pour la survenance de bogues ou de virus et pour tous dommages directs ou indirects r\u00e9sultant de l\u2019acc\u00e8s aux informations du site.<\/p>\n\n\n\n<h3>Article 4- Respect de la vie priv\u00e9e<\/h3>\n\n\n\n<p>La pharmacie s\u2019engage \u00e0 prot\u00e9ger vos donn\u00e9es personnelles et votre vie priv\u00e9e.<\/p>\n\n\n\n<h3>Article 5- Loi Informatique &amp; Libert\u00e9s<\/h3>\n\n\n\n<p>Ce site a fait l\u2019objet d\u2019une d\u00e9claration en cours \u00e0 la CNIL.<\/p>\n\n\n\n<p>En application de l\u2019article 16 de la loi \u00ab\u00a0Informatiques et libert\u00e9s\u00a0\u00bb du 6 janvier 1978, vous pouvez exercer votre droit d\u2019acc\u00e8s aux informations qui vous concernent en contactant : Pharmacie Kerangal &#8211; 50 boulevard Georges Clemenceau &#8211; 35200 RENNES.<\/p>\n\n\n\n<h3>Article 6- Informations personnelles<\/h3>\n\n\n\n<p>Les donn\u00e9es collect\u00e9es sur ce site sont destin\u00e9es exclusivement \u00e0 La pharmacie. Aucune information personnelle ne sera communiqu\u00e9e \u00e0 des soci\u00e9t\u00e9s n\u2019appartenant pas \u00e0 la pharmacie. Aucune information personnelle n\u2019est collect\u00e9e \u00e0 votre insu. Toutes les informations personnelles que nous recevons sont celles que vous nous communiquez lors de vos interactions avec le site, comme par exemple l\u2019envoi d\u2019une commande ou d\u2019une demande d\u2019informations. <em><u>Les donn\u00e9es ne sont pas h\u00e9berg\u00e9es sur le site<\/u><\/em><\/p>\n\n\n\n<h3>Article 7- Utilisation des informations personnelles<\/h3>\n\n\n\n<p>Les informations personnelles que vous nous fournissez volontairement, peuvent \u00eatre utilis\u00e9es par La pharmacie en conformit\u00e9 avec le droit applicable. La pharmacie peut m\u00e9moriser et traiter vos informations personnelles pour vous contacter (par exemple, vous envoyer d\u2019autres informations, r\u00e9pondre \u00e0 vos commentaires ou demandes d\u2019informations).<\/p>\n\n\n\n<p>Aucune information personnelle ne sera vendue ou c\u00e9d\u00e9e \u00e0 une quelconque organisation ext\u00e9rieure.<\/p>\n\n\n\n<h3>Article 8- Informations non personnelles recueillies automatiquement<\/h3>\n\n\n\n<p>nous pouvons collecter de mani\u00e8re automatique certaines informations vous concernant lors d\u2019une simple navigation sur notre site Internet, notamment : des informations concernant l\u2019utilisation de notre site, comme les zones que vous visitez et les services auxquels vous acc\u00e9dez, votre adresse IP, le type de votre navigateur, vos temps d&rsquo;acc\u00e8s. De telles informations sont utilis\u00e9es exclusivement \u00e0 des fins de statistiques internes, de mani\u00e8re \u00e0 am\u00e9liorer la qualit\u00e9 des services qui vous sont propos\u00e9s. Les bases de donn\u00e9es sont prot\u00e9g\u00e9es par les dispositions de la loi du 1er juillet 1998 transposant la directive 96\/9 du 11 mars 1996 relative \u00e0 la protection juridique des bases de donn\u00e9es.<\/p>\n","protected":false},"excerpt":{"rendered":"<p>MENTIONS LEGALES : \u00c9DITEUR Le site www.pharmacie-kerangal.com est la propri\u00e9t\u00e9 exclusive de SELARL Pharmacie Kerangal. Pharmacie KerangalSELARL au capital de 300000 \u20ac T\u00e9l : 0299501202 50 Boulevard G.Cl\u00e9menceau 35200 RENNESImmatricul\u00e9e au Registre du Commerce et des Soci\u00e9t\u00e9s de RENNES sous le num\u00e9ro 78909516300018 Num\u00e9ro TVA intracommunautaire : FR16 789 095 163 Directeur de la publication &hellip; <a href=\"https:\/\/pharmacie-kerangal.com\/pharmacie\/mentions-legales\/\">Continued<\/a><\/p>\n","protected":false},"author":1,"featured_media":0,"parent":0,"menu_order":0,"comment_status":"closed","ping_status":"closed","template":"views\/template-preparatoire.blade.php","meta":[],"yoast_head":"<!-- This site is optimized with the Yoast SEO plugin v17.3 - https:\/\/yoast.com\/wordpress\/plugins\/seo\/ -->\n<title>Mentions l\u00e9gales\/ Politique de confidentialit\u00e9 - pharmacie Kerangal<\/title>\n<meta name=\"robots\" content=\"index, follow, max-snippet:-1, max-image-preview:large, max-video-preview:-1\" \/>\n<link rel=\"canonical\" href=\"http:\/\/pharmacie-kerangal.com\/pharmacie\/mentions-legales\/\" \/>\n<meta property=\"og:locale\" content=\"fr_FR\" \/>\n<meta property=\"og:type\" content=\"article\" \/>\n<meta property=\"og:title\" content=\"Mentions l\u00e9gales\/ Politique de confidentialit\u00e9 - pharmacie Kerangal\" \/>\n<meta property=\"og:description\" content=\"MENTIONS LEGALES : \u00c9DITEUR Le site www.pharmacie-kerangal.com est la propri\u00e9t\u00e9 exclusive de SELARL Pharmacie Kerangal. Pharmacie KerangalSELARL au capital de 300000 \u20ac T\u00e9l : 0299501202 50 Boulevard G.Cl\u00e9menceau 35200 RENNESImmatricul\u00e9e au Registre du Commerce et des Soci\u00e9t\u00e9s de RENNES sous le num\u00e9ro 78909516300018 Num\u00e9ro TVA intracommunautaire : FR16 789 095 163 Directeur de la publication &hellip; Continued\" \/>\n<meta property=\"og:url\" content=\"http:\/\/pharmacie-kerangal.com\/pharmacie\/mentions-legales\/\" \/>\n<meta property=\"og:site_name\" content=\"pharmacie Kerangal\" \/>\n<meta property=\"article:publisher\" content=\"https:\/\/www.facebook.com\/pharmacie.kerangal\" \/>\n<meta property=\"article:modified_time\" content=\"2020-10-03T15:39:31+00:00\" \/>\n<meta name=\"twitter:card\" content=\"summary_large_image\" \/>\n<meta name=\"twitter:label1\" content=\"Dur\u00e9e de lecture estim\u00e9e\" \/>\n\t<meta name=\"twitter:data1\" content=\"5 minutes\" \/>\n<script type=\"application\/ld+json\" class=\"yoast-schema-graph\">{\"@context\":\"https:\/\/schema.org\",\"@graph\":[{\"@type\":\"Organization\",\"@id\":\"http:\/\/pharmacie-kerangal.com\/pharmacie\/#organization\",\"name\":\"Pharmacie KERANGAL\",\"url\":\"http:\/\/pharmacie-kerangal.com\/pharmacie\/\",\"sameAs\":[\"https:\/\/www.facebook.com\/pharmacie.kerangal\"],\"logo\":{\"@type\":\"ImageObject\",\"@id\":\"http:\/\/pharmacie-kerangal.com\/pharmacie\/#logo\",\"inLanguage\":\"fr-FR\",\"url\":\"https:\/\/pharmacie-kerangal.com\/pharmacie\/wp-content\/uploads\/sites\/2\/2020\/09\/cropped-favicon-pharmacie.png\",\"contentUrl\":\"https:\/\/pharmacie-kerangal.com\/pharmacie\/wp-content\/uploads\/sites\/2\/2020\/09\/cropped-favicon-pharmacie.png\",\"width\":512,\"height\":512,\"caption\":\"Pharmacie KERANGAL\"},\"image\":{\"@id\":\"http:\/\/pharmacie-kerangal.com\/pharmacie\/#logo\"}},{\"@type\":\"WebSite\",\"@id\":\"http:\/\/pharmacie-kerangal.com\/pharmacie\/#website\",\"url\":\"http:\/\/pharmacie-kerangal.com\/pharmacie\/\",\"name\":\"pharmacie Kerangal\",\"description\":\"Les sites de la pharmacie kerangal\",\"publisher\":{\"@id\":\"http:\/\/pharmacie-kerangal.com\/pharmacie\/#organization\"},\"potentialAction\":[{\"@type\":\"SearchAction\",\"target\":{\"@type\":\"EntryPoint\",\"urlTemplate\":\"http:\/\/pharmacie-kerangal.com\/pharmacie\/?s={search_term_string}\"},\"query-input\":\"required name=search_term_string\"}],\"inLanguage\":\"fr-FR\"},{\"@type\":\"WebPage\",\"@id\":\"http:\/\/pharmacie-kerangal.com\/pharmacie\/mentions-legales\/#webpage\",\"url\":\"http:\/\/pharmacie-kerangal.com\/pharmacie\/mentions-legales\/\",\"name\":\"Mentions l\\u00e9gales\/ Politique de confidentialit\\u00e9 - pharmacie Kerangal\",\"isPartOf\":{\"@id\":\"http:\/\/pharmacie-kerangal.com\/pharmacie\/#website\"},\"datePublished\":\"2020-05-07T07:24:26+00:00\",\"dateModified\":\"2020-10-03T15:39:31+00:00\",\"breadcrumb\":{\"@id\":\"http:\/\/pharmacie-kerangal.com\/pharmacie\/mentions-legales\/#breadcrumb\"},\"inLanguage\":\"fr-FR\",\"potentialAction\":[{\"@type\":\"ReadAction\",\"target\":[\"http:\/\/pharmacie-kerangal.com\/pharmacie\/mentions-legales\/\"]}]},{\"@type\":\"BreadcrumbList\",\"@id\":\"http:\/\/pharmacie-kerangal.com\/pharmacie\/mentions-legales\/#breadcrumb\",\"itemListElement\":[{\"@type\":\"ListItem\",\"position\":1,\"name\":\"Accueil\",\"item\":\"http:\/\/pharmacie-kerangal.com\/pharmacie\/\"},{\"@type\":\"ListItem\",\"position\":2,\"name\":\"Mentions l\\u00e9gales\/ Politique de confidentialit\\u00e9\"}]}]}<\/script>\n<!-- \/ Yoast SEO plugin. -->","yoast_head_json":{"title":"Mentions l\u00e9gales\/ Politique de confidentialit\u00e9 - pharmacie Kerangal","robots":{"index":"index","follow":"follow","max-snippet":"max-snippet:-1","max-image-preview":"max-image-preview:large","max-video-preview":"max-video-preview:-1"},"canonical":"http:\/\/pharmacie-kerangal.com\/pharmacie\/mentions-legales\/","og_locale":"fr_FR","og_type":"article","og_title":"Mentions l\u00e9gales\/ Politique de confidentialit\u00e9 - pharmacie Kerangal","og_description":"MENTIONS LEGALES : \u00c9DITEUR Le site www.pharmacie-kerangal.com est la propri\u00e9t\u00e9 exclusive de SELARL Pharmacie Kerangal. Pharmacie KerangalSELARL au capital de 300000 \u20ac T\u00e9l : 0299501202 50 Boulevard G.Cl\u00e9menceau 35200 RENNESImmatricul\u00e9e au Registre du Commerce et des Soci\u00e9t\u00e9s de RENNES sous le num\u00e9ro 78909516300018 Num\u00e9ro TVA intracommunautaire : FR16 789 095 163 Directeur de la publication &hellip; Continued","og_url":"http:\/\/pharmacie-kerangal.com\/pharmacie\/mentions-legales\/","og_site_name":"pharmacie Kerangal","article_publisher":"https:\/\/www.facebook.com\/pharmacie.kerangal","article_modified_time":"2020-10-03T15:39:31+00:00","twitter_card":"summary_large_image","twitter_misc":{"Dur\u00e9e de lecture estim\u00e9e":"5 minutes"},"schema":{"@context":"https:\/\/schema.org","@graph":[{"@type":"Organization","@id":"http:\/\/pharmacie-kerangal.com\/pharmacie\/#organization","name":"Pharmacie KERANGAL","url":"http:\/\/pharmacie-kerangal.com\/pharmacie\/","sameAs":["https:\/\/www.facebook.com\/pharmacie.kerangal"],"logo":{"@type":"ImageObject","@id":"http:\/\/pharmacie-kerangal.com\/pharmacie\/#logo","inLanguage":"fr-FR","url":"https:\/\/pharmacie-kerangal.com\/pharmacie\/wp-content\/uploads\/sites\/2\/2020\/09\/cropped-favicon-pharmacie.png","contentUrl":"https:\/\/pharmacie-kerangal.com\/pharmacie\/wp-content\/uploads\/sites\/2\/2020\/09\/cropped-favicon-pharmacie.png","width":512,"height":512,"caption":"Pharmacie KERANGAL"},"image":{"@id":"http:\/\/pharmacie-kerangal.com\/pharmacie\/#logo"}},{"@type":"WebSite","@id":"http:\/\/pharmacie-kerangal.com\/pharmacie\/#website","url":"http:\/\/pharmacie-kerangal.com\/pharmacie\/","name":"pharmacie Kerangal","description":"Les sites de la pharmacie kerangal","publisher":{"@id":"http:\/\/pharmacie-kerangal.com\/pharmacie\/#organization"},"potentialAction":[{"@type":"SearchAction","target":{"@type":"EntryPoint","urlTemplate":"http:\/\/pharmacie-kerangal.com\/pharmacie\/?s={search_term_string}"},"query-input":"required name=search_term_string"}],"inLanguage":"fr-FR"},{"@type":"WebPage","@id":"http:\/\/pharmacie-kerangal.com\/pharmacie\/mentions-legales\/#webpage","url":"http:\/\/pharmacie-kerangal.com\/pharmacie\/mentions-legales\/","name":"Mentions l\u00e9gales\/ Politique de confidentialit\u00e9 - pharmacie Kerangal","isPartOf":{"@id":"http:\/\/pharmacie-kerangal.com\/pharmacie\/#website"},"datePublished":"2020-05-07T07:24:26+00:00","dateModified":"2020-10-03T15:39:31+00:00","breadcrumb":{"@id":"http:\/\/pharmacie-kerangal.com\/pharmacie\/mentions-legales\/#breadcrumb"},"inLanguage":"fr-FR","potentialAction":[{"@type":"ReadAction","target":["http:\/\/pharmacie-kerangal.com\/pharmacie\/mentions-legales\/"]}]},{"@type":"BreadcrumbList","@id":"http:\/\/pharmacie-kerangal.com\/pharmacie\/mentions-legales\/#breadcrumb","itemListElement":[{"@type":"ListItem","position":1,"name":"Accueil","item":"http:\/\/pharmacie-kerangal.com\/pharmacie\/"},{"@type":"ListItem","position":2,"name":"Mentions l\u00e9gales\/ Politique de confidentialit\u00e9"}]}]}},"_links":{"self":[{"href":"https:\/\/pharmacie-kerangal.com\/pharmacie\/wp-json\/wp\/v2\/pages\/15"}],"collection":[{"href":"https:\/\/pharmacie-kerangal.com\/pharmacie\/wp-json\/wp\/v2\/pages"}],"about":[{"href":"https:\/\/pharmacie-kerangal.com\/pharmacie\/wp-json\/wp\/v2\/types\/page"}],"author":[{"embeddable":true,"href":"https:\/\/pharmacie-kerangal.com\/pharmacie\/wp-json\/wp\/v2\/users\/1"}],"replies":[{"embeddable":true,"href":"https:\/\/pharmacie-kerangal.com\/pharmacie\/wp-json\/wp\/v2\/comments?post=15"}],"version-history":[{"count":10,"href":"https:\/\/pharmacie-kerangal.com\/pharmacie\/wp-json\/wp\/v2\/pages\/15\/revisions"}],"predecessor-version":[{"id":331,"href":"https:\/\/pharmacie-kerangal.com\/pharmacie\/wp-json\/wp\/v2\/pages\/15\/revisions\/331"}],"wp:attachment":[{"href":"https:\/\/pharmacie-kerangal.com\/pharmacie\/wp-json\/wp\/v2\/media?parent=15"}],"curies":[{"name":"wp","href":"https:\/\/api.w.org\/{rel}","templated":true}]}}