{"id":4,"date":"2020-05-07T08:48:30","date_gmt":"2020-05-07T06:48:30","guid":{"rendered":"http:\/\/pharmacie-kerangal.com\/pharmacie\/?page_id=4"},"modified":"2021-08-26T11:49:51","modified_gmt":"2021-08-26T09:49:51","slug":"accueil-pharmacie-kerangal","status":"publish","type":"page","link":"https:\/\/pharmacie-kerangal.com\/pharmacie\/","title":{"rendered":"Bienvenu \u00e0 la Pharmacie KERANGAL"},"content":{"rendered":"\n<p>La Pharmacie Kerangal est situ\u00e9e au 50 Boulevard Georges Cl\u00e9menceau, au sud-ouest de Rennes.<\/p>\n\n\n\n<p>Notre \u00e9quipe vous accueille du lundi matin jusqu&rsquo;au samedi soir.<\/p>\n\n\n\n<p>Un parking d\u00e9di\u00e9 \u00e0 nos patients, facilement accessible est situ\u00e9 \u00e0 l&rsquo;arri\u00e8re de notre pharmacie.<\/p>\n\n\n\n<p>Notre pharmacie est sp\u00e9cialis\u00e9e dans la fabrication de pr\u00e9parations magistrales et nous disposons \u00e9galement de larges gammes de phytoth\u00e9rapie, huiles essentielles ou parapharmacie.<\/p>\n","protected":false},"excerpt":{"rendered":"<p>La Pharmacie Kerangal est situ\u00e9e au 50 Boulevard Georges Cl\u00e9menceau, au sud-ouest de Rennes. Notre \u00e9quipe vous accueille du lundi matin jusqu&rsquo;au samedi soir. Un parking d\u00e9di\u00e9 \u00e0 nos patients, facilement accessible est situ\u00e9 \u00e0 l&rsquo;arri\u00e8re de notre pharmacie. Notre pharmacie est sp\u00e9cialis\u00e9e dans la fabrication de pr\u00e9parations magistrales et nous disposons \u00e9galement de larges &hellip; <a href=\"https:\/\/pharmacie-kerangal.com\/pharmacie\/\">Continued<\/a><\/p>\n","protected":false},"author":1,"featured_media":0,"parent":0,"menu_order":0,"comment_status":"closed","ping_status":"closed","template":"views\/frontpage.blade.php","meta":[],"yoast_head":"<!-- This site is optimized with the Yoast SEO plugin v17.3 - https:\/\/yoast.com\/wordpress\/plugins\/seo\/ -->\n<title>Bienvenu \u00e0 la Pharmacie KERANGAL - Votre Pharmacie \u00e0 RENNES<\/title>\n<meta name=\"description\" content=\"La Pharmacie Kerangal est situ\u00e9e au 50 Boulevard Georges Cl\u00e9menceau \u00e0 Rennes. Nous sommes ouverts du lundi au samedi. Un parking est accessible \u00e0 l&#039;arri\u00e8re.\" \/>\n<meta name=\"robots\" content=\"index, follow, max-snippet:-1, max-image-preview:large, max-video-preview:-1\" \/>\n<link rel=\"canonical\" href=\"http:\/\/pharmacie-kerangal.com\/pharmacie\/\" \/>\n<meta property=\"og:locale\" content=\"fr_FR\" \/>\n<meta property=\"og:type\" content=\"article\" \/>\n<meta property=\"og:title\" content=\"Bienvenu \u00e0 la Pharmacie KERANGAL - Votre Pharmacie \u00e0 RENNES\" \/>\n<meta property=\"og:description\" content=\"La Pharmacie Kerangal est situ\u00e9e au 50 Boulevard Georges Cl\u00e9menceau \u00e0 Rennes. Nous sommes ouverts du lundi au samedi. Un parking est accessible \u00e0 l&#039;arri\u00e8re.\" \/>\n<meta property=\"og:url\" content=\"http:\/\/pharmacie-kerangal.com\/pharmacie\/\" \/>\n<meta property=\"og:site_name\" content=\"pharmacie Kerangal\" \/>\n<meta property=\"article:publisher\" content=\"https:\/\/www.facebook.com\/pharmacie.kerangal\" \/>\n<meta property=\"article:modified_time\" content=\"2021-08-26T09:49:51+00:00\" \/>\n<meta name=\"twitter:card\" content=\"summary_large_image\" \/>\n<meta name=\"twitter:label1\" content=\"Dur\u00e9e de lecture estim\u00e9e\" \/>\n\t<meta name=\"twitter:data1\" content=\"1 minute\" \/>\n<script type=\"application\/ld+json\" class=\"yoast-schema-graph\">{\"@context\":\"https:\/\/schema.org\",\"@graph\":[{\"@type\":\"Organization\",\"@id\":\"http:\/\/pharmacie-kerangal.com\/pharmacie\/#organization\",\"name\":\"Pharmacie KERANGAL\",\"url\":\"http:\/\/pharmacie-kerangal.com\/pharmacie\/\",\"sameAs\":[\"https:\/\/www.facebook.com\/pharmacie.kerangal\"],\"logo\":{\"@type\":\"ImageObject\",\"@id\":\"http:\/\/pharmacie-kerangal.com\/pharmacie\/#logo\",\"inLanguage\":\"fr-FR\",\"url\":\"https:\/\/pharmacie-kerangal.com\/pharmacie\/wp-content\/uploads\/sites\/2\/2020\/09\/cropped-favicon-pharmacie.png\",\"contentUrl\":\"https:\/\/pharmacie-kerangal.com\/pharmacie\/wp-content\/uploads\/sites\/2\/2020\/09\/cropped-favicon-pharmacie.png\",\"width\":512,\"height\":512,\"caption\":\"Pharmacie KERANGAL\"},\"image\":{\"@id\":\"http:\/\/pharmacie-kerangal.com\/pharmacie\/#logo\"}},{\"@type\":\"WebSite\",\"@id\":\"http:\/\/pharmacie-kerangal.com\/pharmacie\/#website\",\"url\":\"http:\/\/pharmacie-kerangal.com\/pharmacie\/\",\"name\":\"pharmacie Kerangal\",\"description\":\"Les sites de la pharmacie kerangal\",\"publisher\":{\"@id\":\"http:\/\/pharmacie-kerangal.com\/pharmacie\/#organization\"},\"potentialAction\":[{\"@type\":\"SearchAction\",\"target\":{\"@type\":\"EntryPoint\",\"urlTemplate\":\"http:\/\/pharmacie-kerangal.com\/pharmacie\/?s={search_term_string}\"},\"query-input\":\"required name=search_term_string\"}],\"inLanguage\":\"fr-FR\"},{\"@type\":\"WebPage\",\"@id\":\"http:\/\/pharmacie-kerangal.com\/pharmacie\/#webpage\",\"url\":\"http:\/\/pharmacie-kerangal.com\/pharmacie\/\",\"name\":\"Bienvenu \\u00e0 la Pharmacie KERANGAL - Votre Pharmacie \\u00e0 RENNES\",\"isPartOf\":{\"@id\":\"http:\/\/pharmacie-kerangal.com\/pharmacie\/#website\"},\"datePublished\":\"2020-05-07T06:48:30+00:00\",\"dateModified\":\"2021-08-26T09:49:51+00:00\",\"description\":\"La Pharmacie Kerangal est situ\\u00e9e au 50 Boulevard Georges Cl\\u00e9menceau \\u00e0 Rennes. Nous sommes ouverts du lundi au samedi. Un parking est accessible \\u00e0 l'arri\\u00e8re.\",\"breadcrumb\":{\"@id\":\"http:\/\/pharmacie-kerangal.com\/pharmacie\/#breadcrumb\"},\"inLanguage\":\"fr-FR\",\"potentialAction\":[{\"@type\":\"ReadAction\",\"target\":[\"http:\/\/pharmacie-kerangal.com\/pharmacie\/\"]}]},{\"@type\":\"BreadcrumbList\",\"@id\":\"http:\/\/pharmacie-kerangal.com\/pharmacie\/#breadcrumb\",\"itemListElement\":[{\"@type\":\"ListItem\",\"position\":1,\"name\":\"Accueil\",\"item\":\"http:\/\/pharmacie-kerangal.com\/pharmacie\/\"},{\"@type\":\"ListItem\",\"position\":2,\"name\":\"Bienvenu \\u00e0 la Pharmacie KERANGAL\"}]}]}<\/script>\n<!-- \/ Yoast SEO plugin. -->","yoast_head_json":{"title":"Bienvenu \u00e0 la Pharmacie KERANGAL - Votre Pharmacie \u00e0 RENNES","description":"La Pharmacie Kerangal est situ\u00e9e au 50 Boulevard Georges Cl\u00e9menceau \u00e0 Rennes. Nous sommes ouverts du lundi au samedi. Un parking est accessible \u00e0 l'arri\u00e8re.","robots":{"index":"index","follow":"follow","max-snippet":"max-snippet:-1","max-image-preview":"max-image-preview:large","max-video-preview":"max-video-preview:-1"},"canonical":"http:\/\/pharmacie-kerangal.com\/pharmacie\/","og_locale":"fr_FR","og_type":"article","og_title":"Bienvenu \u00e0 la Pharmacie KERANGAL - Votre Pharmacie \u00e0 RENNES","og_description":"La Pharmacie Kerangal est situ\u00e9e au 50 Boulevard Georges Cl\u00e9menceau \u00e0 Rennes. Nous sommes ouverts du lundi au samedi. Un parking est accessible \u00e0 l'arri\u00e8re.","og_url":"http:\/\/pharmacie-kerangal.com\/pharmacie\/","og_site_name":"pharmacie Kerangal","article_publisher":"https:\/\/www.facebook.com\/pharmacie.kerangal","article_modified_time":"2021-08-26T09:49:51+00:00","twitter_card":"summary_large_image","twitter_misc":{"Dur\u00e9e de lecture estim\u00e9e":"1 minute"},"schema":{"@context":"https:\/\/schema.org","@graph":[{"@type":"Organization","@id":"http:\/\/pharmacie-kerangal.com\/pharmacie\/#organization","name":"Pharmacie KERANGAL","url":"http:\/\/pharmacie-kerangal.com\/pharmacie\/","sameAs":["https:\/\/www.facebook.com\/pharmacie.kerangal"],"logo":{"@type":"ImageObject","@id":"http:\/\/pharmacie-kerangal.com\/pharmacie\/#logo","inLanguage":"fr-FR","url":"https:\/\/pharmacie-kerangal.com\/pharmacie\/wp-content\/uploads\/sites\/2\/2020\/09\/cropped-favicon-pharmacie.png","contentUrl":"https:\/\/pharmacie-kerangal.com\/pharmacie\/wp-content\/uploads\/sites\/2\/2020\/09\/cropped-favicon-pharmacie.png","width":512,"height":512,"caption":"Pharmacie KERANGAL"},"image":{"@id":"http:\/\/pharmacie-kerangal.com\/pharmacie\/#logo"}},{"@type":"WebSite","@id":"http:\/\/pharmacie-kerangal.com\/pharmacie\/#website","url":"http:\/\/pharmacie-kerangal.com\/pharmacie\/","name":"pharmacie Kerangal","description":"Les sites de la pharmacie kerangal","publisher":{"@id":"http:\/\/pharmacie-kerangal.com\/pharmacie\/#organization"},"potentialAction":[{"@type":"SearchAction","target":{"@type":"EntryPoint","urlTemplate":"http:\/\/pharmacie-kerangal.com\/pharmacie\/?s={search_term_string}"},"query-input":"required name=search_term_string"}],"inLanguage":"fr-FR"},{"@type":"WebPage","@id":"http:\/\/pharmacie-kerangal.com\/pharmacie\/#webpage","url":"http:\/\/pharmacie-kerangal.com\/pharmacie\/","name":"Bienvenu \u00e0 la Pharmacie KERANGAL - Votre Pharmacie \u00e0 RENNES","isPartOf":{"@id":"http:\/\/pharmacie-kerangal.com\/pharmacie\/#website"},"datePublished":"2020-05-07T06:48:30+00:00","dateModified":"2021-08-26T09:49:51+00:00","description":"La Pharmacie Kerangal est situ\u00e9e au 50 Boulevard Georges Cl\u00e9menceau \u00e0 Rennes. Nous sommes ouverts du lundi au samedi. Un parking est accessible \u00e0 l'arri\u00e8re.","breadcrumb":{"@id":"http:\/\/pharmacie-kerangal.com\/pharmacie\/#breadcrumb"},"inLanguage":"fr-FR","potentialAction":[{"@type":"ReadAction","target":["http:\/\/pharmacie-kerangal.com\/pharmacie\/"]}]},{"@type":"BreadcrumbList","@id":"http:\/\/pharmacie-kerangal.com\/pharmacie\/#breadcrumb","itemListElement":[{"@type":"ListItem","position":1,"name":"Accueil","item":"http:\/\/pharmacie-kerangal.com\/pharmacie\/"},{"@type":"ListItem","position":2,"name":"Bienvenu \u00e0 la Pharmacie KERANGAL"}]}]}},"_links":{"self":[{"href":"https:\/\/pharmacie-kerangal.com\/pharmacie\/wp-json\/wp\/v2\/pages\/4"}],"collection":[{"href":"https:\/\/pharmacie-kerangal.com\/pharmacie\/wp-json\/wp\/v2\/pages"}],"about":[{"href":"https:\/\/pharmacie-kerangal.com\/pharmacie\/wp-json\/wp\/v2\/types\/page"}],"author":[{"embeddable":true,"href":"https:\/\/pharmacie-kerangal.com\/pharmacie\/wp-json\/wp\/v2\/users\/1"}],"replies":[{"embeddable":true,"href":"https:\/\/pharmacie-kerangal.com\/pharmacie\/wp-json\/wp\/v2\/comments?post=4"}],"version-history":[{"count":54,"href":"https:\/\/pharmacie-kerangal.com\/pharmacie\/wp-json\/wp\/v2\/pages\/4\/revisions"}],"predecessor-version":[{"id":433,"href":"https:\/\/pharmacie-kerangal.com\/pharmacie\/wp-json\/wp\/v2\/pages\/4\/revisions\/433"}],"wp:attachment":[{"href":"https:\/\/pharmacie-kerangal.com\/pharmacie\/wp-json\/wp\/v2\/media?parent=4"}],"curies":[{"name":"wp","href":"https:\/\/api.w.org\/{rel}","templated":true}]}}