{"id":7,"date":"2020-05-07T09:17:30","date_gmt":"2020-05-07T07:17:30","guid":{"rendered":"http:\/\/pharmacie-kerangal.com\/pharmacie\/?page_id=7"},"modified":"2021-02-05T10:25:34","modified_gmt":"2021-02-05T09:25:34","slug":"actualites-pharmacie-kerangal-rennes","status":"publish","type":"page","link":"https:\/\/pharmacie-kerangal.com\/pharmacie\/actualites-pharmacie-kerangal-rennes\/","title":{"rendered":"Actualit\u00e9s"},"content":{"rendered":"","protected":false},"excerpt":{"rendered":"","protected":false},"author":1,"featured_media":0,"parent":0,"menu_order":0,"comment_status":"closed","ping_status":"closed","template":"views\/page-newslist.blade.php","meta":[],"yoast_head":"<!-- This site is optimized with the Yoast SEO plugin v17.3 - https:\/\/yoast.com\/wordpress\/plugins\/seo\/ -->\n<title>Toutes nos Actualit\u00e9s - Pharmacie Kerangal \u00e0 RENNES<\/title>\n<meta name=\"description\" content=\"Venez d\u00e9couvrir toutes les actualit\u00e9s de la pharmacie Kerangal \u00e0 RENNES, nos services, nos conseils, notre actualit\u00e9 naturopathies...\" \/>\n<meta name=\"robots\" content=\"index, follow, max-snippet:-1, max-image-preview:large, max-video-preview:-1\" \/>\n<link rel=\"canonical\" href=\"http:\/\/pharmacie-kerangal.com\/pharmacie\/actualites-pharmacie-kerangal-rennes\/\" \/>\n<meta property=\"og:locale\" content=\"fr_FR\" \/>\n<meta property=\"og:type\" content=\"article\" \/>\n<meta property=\"og:title\" content=\"Toutes nos Actualit\u00e9s - Pharmacie Kerangal \u00e0 RENNES\" \/>\n<meta property=\"og:description\" content=\"Venez d\u00e9couvrir toutes les actualit\u00e9s de la pharmacie Kerangal \u00e0 RENNES, nos services, nos conseils, notre actualit\u00e9 naturopathies...\" \/>\n<meta property=\"og:url\" content=\"http:\/\/pharmacie-kerangal.com\/pharmacie\/actualites-pharmacie-kerangal-rennes\/\" \/>\n<meta property=\"og:site_name\" content=\"pharmacie Kerangal\" \/>\n<meta property=\"article:publisher\" content=\"https:\/\/www.facebook.com\/pharmacie.kerangal\" \/>\n<meta property=\"article:modified_time\" content=\"2021-02-05T09:25:34+00:00\" \/>\n<meta name=\"twitter:card\" content=\"summary_large_image\" \/>\n<script type=\"application\/ld+json\" class=\"yoast-schema-graph\">{\"@context\":\"https:\/\/schema.org\",\"@graph\":[{\"@type\":\"Organization\",\"@id\":\"http:\/\/pharmacie-kerangal.com\/pharmacie\/#organization\",\"name\":\"Pharmacie KERANGAL\",\"url\":\"http:\/\/pharmacie-kerangal.com\/pharmacie\/\",\"sameAs\":[\"https:\/\/www.facebook.com\/pharmacie.kerangal\"],\"logo\":{\"@type\":\"ImageObject\",\"@id\":\"http:\/\/pharmacie-kerangal.com\/pharmacie\/#logo\",\"inLanguage\":\"fr-FR\",\"url\":\"https:\/\/pharmacie-kerangal.com\/pharmacie\/wp-content\/uploads\/sites\/2\/2020\/09\/cropped-favicon-pharmacie.png\",\"contentUrl\":\"https:\/\/pharmacie-kerangal.com\/pharmacie\/wp-content\/uploads\/sites\/2\/2020\/09\/cropped-favicon-pharmacie.png\",\"width\":512,\"height\":512,\"caption\":\"Pharmacie KERANGAL\"},\"image\":{\"@id\":\"http:\/\/pharmacie-kerangal.com\/pharmacie\/#logo\"}},{\"@type\":\"WebSite\",\"@id\":\"http:\/\/pharmacie-kerangal.com\/pharmacie\/#website\",\"url\":\"http:\/\/pharmacie-kerangal.com\/pharmacie\/\",\"name\":\"pharmacie Kerangal\",\"description\":\"Les sites de la pharmacie kerangal\",\"publisher\":{\"@id\":\"http:\/\/pharmacie-kerangal.com\/pharmacie\/#organization\"},\"potentialAction\":[{\"@type\":\"SearchAction\",\"target\":{\"@type\":\"EntryPoint\",\"urlTemplate\":\"http:\/\/pharmacie-kerangal.com\/pharmacie\/?s={search_term_string}\"},\"query-input\":\"required name=search_term_string\"}],\"inLanguage\":\"fr-FR\"},{\"@type\":\"WebPage\",\"@id\":\"http:\/\/pharmacie-kerangal.com\/pharmacie\/actualites-pharmacie-kerangal-rennes\/#webpage\",\"url\":\"http:\/\/pharmacie-kerangal.com\/pharmacie\/actualites-pharmacie-kerangal-rennes\/\",\"name\":\"Toutes nos Actualit\\u00e9s - Pharmacie Kerangal \\u00e0 RENNES\",\"isPartOf\":{\"@id\":\"http:\/\/pharmacie-kerangal.com\/pharmacie\/#website\"},\"datePublished\":\"2020-05-07T07:17:30+00:00\",\"dateModified\":\"2021-02-05T09:25:34+00:00\",\"description\":\"Venez d\\u00e9couvrir toutes les actualit\\u00e9s de la pharmacie Kerangal \\u00e0 RENNES, nos services, nos conseils, notre actualit\\u00e9 naturopathies...\",\"breadcrumb\":{\"@id\":\"http:\/\/pharmacie-kerangal.com\/pharmacie\/actualites-pharmacie-kerangal-rennes\/#breadcrumb\"},\"inLanguage\":\"fr-FR\",\"potentialAction\":[{\"@type\":\"ReadAction\",\"target\":[\"http:\/\/pharmacie-kerangal.com\/pharmacie\/actualites-pharmacie-kerangal-rennes\/\"]}]},{\"@type\":\"BreadcrumbList\",\"@id\":\"http:\/\/pharmacie-kerangal.com\/pharmacie\/actualites-pharmacie-kerangal-rennes\/#breadcrumb\",\"itemListElement\":[{\"@type\":\"ListItem\",\"position\":1,\"name\":\"Accueil\",\"item\":\"http:\/\/pharmacie-kerangal.com\/pharmacie\/\"},{\"@type\":\"ListItem\",\"position\":2,\"name\":\"Actualit\\u00e9s\"}]}]}<\/script>\n<!-- \/ Yoast SEO plugin. -->","yoast_head_json":{"title":"Toutes nos Actualit\u00e9s - Pharmacie Kerangal \u00e0 RENNES","description":"Venez d\u00e9couvrir toutes les actualit\u00e9s de la pharmacie Kerangal \u00e0 RENNES, nos services, nos conseils, notre actualit\u00e9 naturopathies...","robots":{"index":"index","follow":"follow","max-snippet":"max-snippet:-1","max-image-preview":"max-image-preview:large","max-video-preview":"max-video-preview:-1"},"canonical":"http:\/\/pharmacie-kerangal.com\/pharmacie\/actualites-pharmacie-kerangal-rennes\/","og_locale":"fr_FR","og_type":"article","og_title":"Toutes nos Actualit\u00e9s - Pharmacie Kerangal \u00e0 RENNES","og_description":"Venez d\u00e9couvrir toutes les actualit\u00e9s de la pharmacie Kerangal \u00e0 RENNES, nos services, nos conseils, notre actualit\u00e9 naturopathies...","og_url":"http:\/\/pharmacie-kerangal.com\/pharmacie\/actualites-pharmacie-kerangal-rennes\/","og_site_name":"pharmacie Kerangal","article_publisher":"https:\/\/www.facebook.com\/pharmacie.kerangal","article_modified_time":"2021-02-05T09:25:34+00:00","twitter_card":"summary_large_image","schema":{"@context":"https:\/\/schema.org","@graph":[{"@type":"Organization","@id":"http:\/\/pharmacie-kerangal.com\/pharmacie\/#organization","name":"Pharmacie KERANGAL","url":"http:\/\/pharmacie-kerangal.com\/pharmacie\/","sameAs":["https:\/\/www.facebook.com\/pharmacie.kerangal"],"logo":{"@type":"ImageObject","@id":"http:\/\/pharmacie-kerangal.com\/pharmacie\/#logo","inLanguage":"fr-FR","url":"https:\/\/pharmacie-kerangal.com\/pharmacie\/wp-content\/uploads\/sites\/2\/2020\/09\/cropped-favicon-pharmacie.png","contentUrl":"https:\/\/pharmacie-kerangal.com\/pharmacie\/wp-content\/uploads\/sites\/2\/2020\/09\/cropped-favicon-pharmacie.png","width":512,"height":512,"caption":"Pharmacie KERANGAL"},"image":{"@id":"http:\/\/pharmacie-kerangal.com\/pharmacie\/#logo"}},{"@type":"WebSite","@id":"http:\/\/pharmacie-kerangal.com\/pharmacie\/#website","url":"http:\/\/pharmacie-kerangal.com\/pharmacie\/","name":"pharmacie Kerangal","description":"Les sites de la pharmacie kerangal","publisher":{"@id":"http:\/\/pharmacie-kerangal.com\/pharmacie\/#organization"},"potentialAction":[{"@type":"SearchAction","target":{"@type":"EntryPoint","urlTemplate":"http:\/\/pharmacie-kerangal.com\/pharmacie\/?s={search_term_string}"},"query-input":"required name=search_term_string"}],"inLanguage":"fr-FR"},{"@type":"WebPage","@id":"http:\/\/pharmacie-kerangal.com\/pharmacie\/actualites-pharmacie-kerangal-rennes\/#webpage","url":"http:\/\/pharmacie-kerangal.com\/pharmacie\/actualites-pharmacie-kerangal-rennes\/","name":"Toutes nos Actualit\u00e9s - Pharmacie Kerangal \u00e0 RENNES","isPartOf":{"@id":"http:\/\/pharmacie-kerangal.com\/pharmacie\/#website"},"datePublished":"2020-05-07T07:17:30+00:00","dateModified":"2021-02-05T09:25:34+00:00","description":"Venez d\u00e9couvrir toutes les actualit\u00e9s de la pharmacie Kerangal \u00e0 RENNES, nos services, nos conseils, notre actualit\u00e9 naturopathies...","breadcrumb":{"@id":"http:\/\/pharmacie-kerangal.com\/pharmacie\/actualites-pharmacie-kerangal-rennes\/#breadcrumb"},"inLanguage":"fr-FR","potentialAction":[{"@type":"ReadAction","target":["http:\/\/pharmacie-kerangal.com\/pharmacie\/actualites-pharmacie-kerangal-rennes\/"]}]},{"@type":"BreadcrumbList","@id":"http:\/\/pharmacie-kerangal.com\/pharmacie\/actualites-pharmacie-kerangal-rennes\/#breadcrumb","itemListElement":[{"@type":"ListItem","position":1,"name":"Accueil","item":"http:\/\/pharmacie-kerangal.com\/pharmacie\/"},{"@type":"ListItem","position":2,"name":"Actualit\u00e9s"}]}]}},"_links":{"self":[{"href":"https:\/\/pharmacie-kerangal.com\/pharmacie\/wp-json\/wp\/v2\/pages\/7"}],"collection":[{"href":"https:\/\/pharmacie-kerangal.com\/pharmacie\/wp-json\/wp\/v2\/pages"}],"about":[{"href":"https:\/\/pharmacie-kerangal.com\/pharmacie\/wp-json\/wp\/v2\/types\/page"}],"author":[{"embeddable":true,"href":"https:\/\/pharmacie-kerangal.com\/pharmacie\/wp-json\/wp\/v2\/users\/1"}],"replies":[{"embeddable":true,"href":"https:\/\/pharmacie-kerangal.com\/pharmacie\/wp-json\/wp\/v2\/comments?post=7"}],"version-history":[{"count":1,"href":"https:\/\/pharmacie-kerangal.com\/pharmacie\/wp-json\/wp\/v2\/pages\/7\/revisions"}],"predecessor-version":[{"id":8,"href":"https:\/\/pharmacie-kerangal.com\/pharmacie\/wp-json\/wp\/v2\/pages\/7\/revisions\/8"}],"wp:attachment":[{"href":"https:\/\/pharmacie-kerangal.com\/pharmacie\/wp-json\/wp\/v2\/media?parent=7"}],"curies":[{"name":"wp","href":"https:\/\/api.w.org\/{rel}","templated":true}]}}