{"id":12,"date":"2020-05-07T09:51:43","date_gmt":"2020-05-07T07:51:43","guid":{"rendered":"http:\/\/pharmacie-kerangal.com\/preparatoire\/?page_id=12"},"modified":"2021-02-03T21:41:37","modified_gmt":"2021-02-03T20:41:37","slug":"actualites-preparatoire-kerangal-rennes","status":"publish","type":"page","link":"https:\/\/pharmacie-kerangal.com\/preparatoire\/actualites-preparatoire-kerangal-rennes\/","title":{"rendered":"Actualit\u00e9s"},"content":{"rendered":"\n<p>Bienvenu sur la page actualit\u00e9. Retrouvez ici toutes toutes les actualit\u00e9s du pr\u00e9paratoire Kerangal: Informations r\u00e9glementaires, informations sur des formules magistrales courantes ou innovantes, les activit\u00e9s en lien avec la pr\u00e9paration magistrale ou officinale: conf\u00e9rences, congr\u00e8s, interventions.<\/p>\n\n\n\n<p>Retrouvez bien s\u00fbr nos actualit\u00e9s les plus populaires:<\/p>\n\n\n\n<ul><li><a href=\"https:\/\/pharmacie-kerangal.com\/preparatoire\/article\/le-julep-gommeux-au-carbonate-de-calcium-pour-lutter-contre-les-coliques-du-nourrisson\/\">Le julep gommeux au carbonate de calcium pour lutter contre les coliques du nourrisson<\/a><\/li><li><a href=\"https:\/\/pharmacie-kerangal.com\/preparatoire\/article\/la-pommade-saint-louis-une-formule-pour-tout-traiter-du-psoriasis-aux-erythemes-fessiers\/\">La pommade Saint-Louis: une Formule pour tout traiter, du psoriasis aux \u00e9ryth\u00e8mes fessiers<\/a><\/li><li><a href=\"https:\/\/pharmacie-kerangal.com\/preparatoire\/article\/la-pommade-avibon-nest-plus-commercialisee-par-quoi-la-remplacer\/\">La pommade AVIBON* n\u2019est plus commercialis\u00e9e, par quoi la remplacer?<\/a><\/li><\/ul>\n\n\n\n<p><\/p>\n","protected":false},"excerpt":{"rendered":"<p>Bienvenu sur la page actualit\u00e9. Retrouvez ici toutes toutes les actualit\u00e9s du pr\u00e9paratoire Kerangal: Informations r\u00e9glementaires, informations sur des formules magistrales courantes ou innovantes, les activit\u00e9s en lien avec la pr\u00e9paration magistrale ou officinale: conf\u00e9rences, congr\u00e8s, interventions. Retrouvez bien s\u00fbr nos actualit\u00e9s les plus populaires: Le julep gommeux au carbonate de calcium pour lutter contre &hellip; <a href=\"https:\/\/pharmacie-kerangal.com\/preparatoire\/actualites-preparatoire-kerangal-rennes\/\">Continued<\/a><\/p>\n","protected":false},"author":1,"featured_media":0,"parent":0,"menu_order":0,"comment_status":"closed","ping_status":"closed","template":"views\/page-newslist.blade.php","meta":[],"yoast_head":"<!-- This site is optimized with the Yoast SEO plugin v17.3 - https:\/\/yoast.com\/wordpress\/plugins\/seo\/ -->\n<title>Toutes les Actualit\u00e9s du pr\u00e9paratoire Kerangal \u00e0 Rennes<\/title>\n<meta name=\"description\" content=\"Retrouvez toutes les actualit\u00e9s du pr\u00e9paratoire Kerangal: informations r\u00e9glementaires, pr\u00e9parations innovantes, activit\u00e9s du pr\u00e9paratoire.\" \/>\n<meta name=\"robots\" content=\"index, follow, max-snippet:-1, max-image-preview:large, max-video-preview:-1\" \/>\n<link rel=\"canonical\" href=\"http:\/\/pharmacie-kerangal.com\/preparatoire\/actualites-preparatoire-kerangal-rennes\/\" \/>\n<meta property=\"og:locale\" content=\"fr_FR\" \/>\n<meta property=\"og:type\" content=\"article\" \/>\n<meta property=\"og:title\" content=\"Toutes les Actualit\u00e9s du pr\u00e9paratoire Kerangal \u00e0 Rennes\" \/>\n<meta property=\"og:description\" content=\"Retrouvez toutes les actualit\u00e9s du pr\u00e9paratoire Kerangal: informations r\u00e9glementaires, pr\u00e9parations innovantes, activit\u00e9s du pr\u00e9paratoire.\" \/>\n<meta property=\"og:url\" content=\"http:\/\/pharmacie-kerangal.com\/preparatoire\/actualites-preparatoire-kerangal-rennes\/\" \/>\n<meta property=\"og:site_name\" content=\"pr\u00e9paratoire Kerangal\" \/>\n<meta property=\"article:modified_time\" content=\"2021-02-03T20:41:37+00:00\" \/>\n<meta name=\"twitter:card\" content=\"summary_large_image\" \/>\n<meta name=\"twitter:label1\" content=\"Dur\u00e9e de lecture estim\u00e9e\" \/>\n\t<meta name=\"twitter:data1\" content=\"1 minute\" \/>\n<script type=\"application\/ld+json\" class=\"yoast-schema-graph\">{\"@context\":\"https:\/\/schema.org\",\"@graph\":[{\"@type\":\"WebSite\",\"@id\":\"http:\/\/pharmacie-kerangal.com\/preparatoire\/#website\",\"url\":\"http:\/\/pharmacie-kerangal.com\/preparatoire\/\",\"name\":\"pr\\u00e9paratoire Kerangal\",\"description\":\"Un site utilisant Les sites de kerangal\",\"potentialAction\":[{\"@type\":\"SearchAction\",\"target\":{\"@type\":\"EntryPoint\",\"urlTemplate\":\"http:\/\/pharmacie-kerangal.com\/preparatoire\/?s={search_term_string}\"},\"query-input\":\"required name=search_term_string\"}],\"inLanguage\":\"fr-FR\"},{\"@type\":\"WebPage\",\"@id\":\"http:\/\/pharmacie-kerangal.com\/preparatoire\/actualites-preparatoire-kerangal-rennes\/#webpage\",\"url\":\"http:\/\/pharmacie-kerangal.com\/preparatoire\/actualites-preparatoire-kerangal-rennes\/\",\"name\":\"Toutes les Actualit\\u00e9s du pr\\u00e9paratoire Kerangal \\u00e0 Rennes\",\"isPartOf\":{\"@id\":\"http:\/\/pharmacie-kerangal.com\/preparatoire\/#website\"},\"datePublished\":\"2020-05-07T07:51:43+00:00\",\"dateModified\":\"2021-02-03T20:41:37+00:00\",\"description\":\"Retrouvez toutes les actualit\\u00e9s du pr\\u00e9paratoire Kerangal: informations r\\u00e9glementaires, pr\\u00e9parations innovantes, activit\\u00e9s du pr\\u00e9paratoire.\",\"breadcrumb\":{\"@id\":\"http:\/\/pharmacie-kerangal.com\/preparatoire\/actualites-preparatoire-kerangal-rennes\/#breadcrumb\"},\"inLanguage\":\"fr-FR\",\"potentialAction\":[{\"@type\":\"ReadAction\",\"target\":[\"http:\/\/pharmacie-kerangal.com\/preparatoire\/actualites-preparatoire-kerangal-rennes\/\"]}]},{\"@type\":\"BreadcrumbList\",\"@id\":\"http:\/\/pharmacie-kerangal.com\/preparatoire\/actualites-preparatoire-kerangal-rennes\/#breadcrumb\",\"itemListElement\":[{\"@type\":\"ListItem\",\"position\":1,\"name\":\"Accueil\",\"item\":\"http:\/\/pharmacie-kerangal.com\/preparatoire\/\"},{\"@type\":\"ListItem\",\"position\":2,\"name\":\"Actualit\\u00e9s\"}]}]}<\/script>\n<!-- \/ Yoast SEO plugin. -->","yoast_head_json":{"title":"Toutes les Actualit\u00e9s du pr\u00e9paratoire Kerangal \u00e0 Rennes","description":"Retrouvez toutes les actualit\u00e9s du pr\u00e9paratoire Kerangal: informations r\u00e9glementaires, pr\u00e9parations innovantes, activit\u00e9s du pr\u00e9paratoire.","robots":{"index":"index","follow":"follow","max-snippet":"max-snippet:-1","max-image-preview":"max-image-preview:large","max-video-preview":"max-video-preview:-1"},"canonical":"http:\/\/pharmacie-kerangal.com\/preparatoire\/actualites-preparatoire-kerangal-rennes\/","og_locale":"fr_FR","og_type":"article","og_title":"Toutes les Actualit\u00e9s du pr\u00e9paratoire Kerangal \u00e0 Rennes","og_description":"Retrouvez toutes les actualit\u00e9s du pr\u00e9paratoire Kerangal: informations r\u00e9glementaires, pr\u00e9parations innovantes, activit\u00e9s du pr\u00e9paratoire.","og_url":"http:\/\/pharmacie-kerangal.com\/preparatoire\/actualites-preparatoire-kerangal-rennes\/","og_site_name":"pr\u00e9paratoire Kerangal","article_modified_time":"2021-02-03T20:41:37+00:00","twitter_card":"summary_large_image","twitter_misc":{"Dur\u00e9e de lecture estim\u00e9e":"1 minute"},"schema":{"@context":"https:\/\/schema.org","@graph":[{"@type":"WebSite","@id":"http:\/\/pharmacie-kerangal.com\/preparatoire\/#website","url":"http:\/\/pharmacie-kerangal.com\/preparatoire\/","name":"pr\u00e9paratoire Kerangal","description":"Un site utilisant Les sites de kerangal","potentialAction":[{"@type":"SearchAction","target":{"@type":"EntryPoint","urlTemplate":"http:\/\/pharmacie-kerangal.com\/preparatoire\/?s={search_term_string}"},"query-input":"required name=search_term_string"}],"inLanguage":"fr-FR"},{"@type":"WebPage","@id":"http:\/\/pharmacie-kerangal.com\/preparatoire\/actualites-preparatoire-kerangal-rennes\/#webpage","url":"http:\/\/pharmacie-kerangal.com\/preparatoire\/actualites-preparatoire-kerangal-rennes\/","name":"Toutes les Actualit\u00e9s du pr\u00e9paratoire Kerangal \u00e0 Rennes","isPartOf":{"@id":"http:\/\/pharmacie-kerangal.com\/preparatoire\/#website"},"datePublished":"2020-05-07T07:51:43+00:00","dateModified":"2021-02-03T20:41:37+00:00","description":"Retrouvez toutes les actualit\u00e9s du pr\u00e9paratoire Kerangal: informations r\u00e9glementaires, pr\u00e9parations innovantes, activit\u00e9s du pr\u00e9paratoire.","breadcrumb":{"@id":"http:\/\/pharmacie-kerangal.com\/preparatoire\/actualites-preparatoire-kerangal-rennes\/#breadcrumb"},"inLanguage":"fr-FR","potentialAction":[{"@type":"ReadAction","target":["http:\/\/pharmacie-kerangal.com\/preparatoire\/actualites-preparatoire-kerangal-rennes\/"]}]},{"@type":"BreadcrumbList","@id":"http:\/\/pharmacie-kerangal.com\/preparatoire\/actualites-preparatoire-kerangal-rennes\/#breadcrumb","itemListElement":[{"@type":"ListItem","position":1,"name":"Accueil","item":"http:\/\/pharmacie-kerangal.com\/preparatoire\/"},{"@type":"ListItem","position":2,"name":"Actualit\u00e9s"}]}]}},"_links":{"self":[{"href":"https:\/\/pharmacie-kerangal.com\/preparatoire\/wp-json\/wp\/v2\/pages\/12"}],"collection":[{"href":"https:\/\/pharmacie-kerangal.com\/preparatoire\/wp-json\/wp\/v2\/pages"}],"about":[{"href":"https:\/\/pharmacie-kerangal.com\/preparatoire\/wp-json\/wp\/v2\/types\/page"}],"author":[{"embeddable":true,"href":"https:\/\/pharmacie-kerangal.com\/preparatoire\/wp-json\/wp\/v2\/users\/1"}],"replies":[{"embeddable":true,"href":"https:\/\/pharmacie-kerangal.com\/preparatoire\/wp-json\/wp\/v2\/comments?post=12"}],"version-history":[{"count":5,"href":"https:\/\/pharmacie-kerangal.com\/preparatoire\/wp-json\/wp\/v2\/pages\/12\/revisions"}],"predecessor-version":[{"id":486,"href":"https:\/\/pharmacie-kerangal.com\/preparatoire\/wp-json\/wp\/v2\/pages\/12\/revisions\/486"}],"wp:attachment":[{"href":"https:\/\/pharmacie-kerangal.com\/preparatoire\/wp-json\/wp\/v2\/media?parent=12"}],"curies":[{"name":"wp","href":"https:\/\/api.w.org\/{rel}","templated":true}]}}