{"id":20,"date":"2020-05-07T09:52:51","date_gmt":"2020-05-07T07:52:51","guid":{"rendered":"http:\/\/pharmacie-kerangal.com\/preparatoire\/?page_id=20"},"modified":"2020-07-01T12:16:29","modified_gmt":"2020-07-01T10:16:29","slug":"faq","status":"publish","type":"page","link":"https:\/\/pharmacie-kerangal.com\/preparatoire\/faq\/","title":{"rendered":"Foire aux questions"},"content":{"rendered":"\n<h2>La pr\u00e9paration est-elle rembours\u00e9e ?<\/h2>\n\n\n\n<p>Pour qu\u2019une pr\u00e9paration puisse \u00eatre prise en charge, la phrase \u00ab&nbsp;pr\u00e9paration magistrale \u00e0 but th\u00e9rapeutique en l\u2019absence de sp\u00e9cialit\u00e9s \u00e9quivalentes disponibles&nbsp;\u00bb est INDISPENSABLE.<\/p>\n\n\n\n<p>Seules les pr\u00e9parations magistrales ayant une place strat\u00e9gique majeure dans la prise en charge th\u00e9rapeutique d\u2019un patient est susceptible d\u2019\u00eatre prise en charge.<\/p>\n\n\n\n<p>Quelques exemples de pr\u00e9parations non rembours\u00e9es: Les pr\u00e9parations magistrales d\u2019aromath\u00e9rapie ou de phytoth\u00e9rapie, les dilutions de cortico\u00efdes, le julep gommeux au carbonate de calcium, les cr\u00e8mes cosm\u00e9tiques&#8230;<\/p>\n\n\n\n<p>Quelques exemples de pr\u00e9parations pouvant \u00eatre prises en charge: bicarbonate de sodium, NACL, Citrate de potassium, adaption de doses p\u00e9diatriques, cr\u00e8me dermatologique pour maladies rares&#8230;<\/p>\n\n\n\n<p>Dans la rubrique \u00ab\u00a0Documents\u00a0\u00bb nous mettons \u00e0 votre disposition un arbre d\u00e9cisionnel permettant de savoir si une pr\u00e9paration est prise en charge ou pas.<\/p>\n\n\n\n<p>Pour de plus amples informations, Nous vous invitons \u00e0 aller sur le site am\u00e9li.fr (<a href=\"https:\/\/www.ameli.fr\/llle-et-vilaine\/pharmacien\/exercice-professionnel\/dispensation-prise-charge\/delivrance-preparations-magistrales-officinales\/delivrance-preparations-magistrales-officinales\">https:\/\/www.ameli.fr\/llle-et-vilaine\/pharmacien\/exercice-professionnel\/dispensation-prise-charge\/delivrance-preparations-magistrales-officinales\/delivrance-preparations-magistrales-officinales<\/a> ) ou de demander l&rsquo;avis du m\u00e9decin ou du pharmacien conseil de la caisse de s\u00e9curit\u00e9 sociale.<\/p>\n\n\n\n<p>Lorsque nous sommes certains qu&rsquo;une pr\u00e9paration est remboursable alors, nous tarifions votre pr\u00e9paration avec une TVA 2,1.<\/p>\n\n\n<div class=\"flex flex-wrap flex-nowrap-l mv4 mv5-l\">\n    <span class=\"icon--medium db fill-brand-green self-center pr0 pr4-l pb4 pb0-l center ml0-l\">\n        <svg class=\"\">\n            <use xmlns:xlink=\"http:\/\/www.w3.org\/1999\/xlink\" xlink:href=\"#important\"><\/use>\n        <\/svg>\n    <\/span>\n\n    <div class='self-center flex-auto pl0 pl5-l bl-l b--brand-green tc tl-l'>\n       <h3 class=\"ma0 pa0 musk-regular fw1 f2\">!!Attention!!<\/h3>\n       <div class=\"pv3\">\n           <strong class=\"fw6\"> en absence de la phrase \u00ab pr\u00e9paration magistrale \u00e0 but th\u00e9rapeutique en l\u2019absence de sp\u00e9cialit\u00e9s \u00e9quivalentes disponibles \u00bb, lorsque nous avons un doute sur le remboursement ou si la pr\u00e9parations n&#039;a aucune chance d&#039;\u00eatre prise encharge alors la pr\u00e9paration est factur\u00e9e \u00e0 TVA 10%<\/strong>\n        <\/div> \n    <\/div>\n<\/div>\n\n\n<h2>Puis-je avoir le prix d\u2019une pr\u00e9paration avant que vous ne la r\u00e9alisiez\u00a0?<\/h2>\n\n\n\n<p>Envoyez votre demande de <strong>devis<\/strong>, il vous sera transmis le soir m\u00eame ou le lendemain midi au plus tard<em><strong>.<\/strong><\/em><\/p>\n\n\n\n<h2>Puis-je faire r\u00e9aliser une pr\u00e9paration magistrale sans ordonnance\u00a0?<\/h2>\n\n\n\n<p>Par d\u00e9finition une pr\u00e9paration magistrale n\u00e9cessite une prescription m\u00e9dicale r\u00e9glementaire.<\/p>\n\n\n\n<h2>Comment savoir si vous avez bien re\u00e7u notre commande de pr\u00e9paration ?<\/h2>\n\n\n\n<p>D\u00e8s que nous recevons votre commande, un accus\u00e9 de r\u00e9ception joignant en pi\u00e8ce jointe une copie de votre demande est envoy\u00e9 par mail.<\/p>\n","protected":false},"excerpt":{"rendered":"<p>La pr\u00e9paration est-elle rembours\u00e9e ? Pour qu\u2019une pr\u00e9paration puisse \u00eatre prise en charge, la phrase \u00ab&nbsp;pr\u00e9paration magistrale \u00e0 but th\u00e9rapeutique en l\u2019absence de sp\u00e9cialit\u00e9s \u00e9quivalentes disponibles&nbsp;\u00bb est INDISPENSABLE. Seules les pr\u00e9parations magistrales ayant une place strat\u00e9gique majeure dans la prise en charge th\u00e9rapeutique d\u2019un patient est susceptible d\u2019\u00eatre prise en charge. Quelques exemples de pr\u00e9parations &hellip; <a href=\"https:\/\/pharmacie-kerangal.com\/preparatoire\/faq\/\">Continued<\/a><\/p>\n","protected":false},"author":1,"featured_media":100,"parent":0,"menu_order":0,"comment_status":"closed","ping_status":"closed","template":"views\/template-preparatoire.blade.php","meta":[],"yoast_head":"<!-- This site is optimized with the Yoast SEO plugin v17.3 - https:\/\/yoast.com\/wordpress\/plugins\/seo\/ -->\n<title>Foire aux questions - pr\u00e9paratoire Kerangal<\/title>\n<meta name=\"robots\" content=\"index, follow, max-snippet:-1, max-image-preview:large, max-video-preview:-1\" \/>\n<link rel=\"canonical\" href=\"http:\/\/pharmacie-kerangal.com\/preparatoire\/faq\/\" \/>\n<meta property=\"og:locale\" content=\"fr_FR\" \/>\n<meta property=\"og:type\" content=\"article\" \/>\n<meta property=\"og:title\" content=\"Foire aux questions - pr\u00e9paratoire Kerangal\" \/>\n<meta property=\"og:description\" content=\"La pr\u00e9paration est-elle rembours\u00e9e ? Pour qu\u2019une pr\u00e9paration puisse \u00eatre prise en charge, la phrase \u00ab&nbsp;pr\u00e9paration magistrale \u00e0 but th\u00e9rapeutique en l\u2019absence de sp\u00e9cialit\u00e9s \u00e9quivalentes disponibles&nbsp;\u00bb est INDISPENSABLE. Seules les pr\u00e9parations magistrales ayant une place strat\u00e9gique majeure dans la prise en charge th\u00e9rapeutique d\u2019un patient est susceptible d\u2019\u00eatre prise en charge. Quelques exemples de pr\u00e9parations &hellip; Continued\" \/>\n<meta property=\"og:url\" content=\"http:\/\/pharmacie-kerangal.com\/preparatoire\/faq\/\" \/>\n<meta property=\"og:site_name\" content=\"pr\u00e9paratoire Kerangal\" \/>\n<meta property=\"article:modified_time\" content=\"2020-07-01T10:16:29+00:00\" \/>\n<meta property=\"og:image\" content=\"http:\/\/pharmacie-kerangal.com\/preparatoire\/wp-content\/uploads\/sites\/3\/2020\/06\/prepa-documents.png\" \/>\n\t<meta property=\"og:image:width\" content=\"1920\" \/>\n\t<meta property=\"og:image:height\" content=\"642\" \/>\n<meta name=\"twitter:card\" content=\"summary_large_image\" \/>\n<meta name=\"twitter:label1\" content=\"Dur\u00e9e de lecture estim\u00e9e\" \/>\n\t<meta name=\"twitter:data1\" content=\"2 minutes\" \/>\n<script type=\"application\/ld+json\" class=\"yoast-schema-graph\">{\"@context\":\"https:\/\/schema.org\",\"@graph\":[{\"@type\":\"WebSite\",\"@id\":\"http:\/\/pharmacie-kerangal.com\/preparatoire\/#website\",\"url\":\"http:\/\/pharmacie-kerangal.com\/preparatoire\/\",\"name\":\"pr\\u00e9paratoire Kerangal\",\"description\":\"Un site utilisant Les sites de kerangal\",\"potentialAction\":[{\"@type\":\"SearchAction\",\"target\":{\"@type\":\"EntryPoint\",\"urlTemplate\":\"http:\/\/pharmacie-kerangal.com\/preparatoire\/?s={search_term_string}\"},\"query-input\":\"required name=search_term_string\"}],\"inLanguage\":\"fr-FR\"},{\"@type\":\"ImageObject\",\"@id\":\"http:\/\/pharmacie-kerangal.com\/preparatoire\/faq\/#primaryimage\",\"inLanguage\":\"fr-FR\",\"url\":\"https:\/\/pharmacie-kerangal.com\/preparatoire\/wp-content\/uploads\/sites\/3\/2020\/06\/prepa-documents.png\",\"contentUrl\":\"https:\/\/pharmacie-kerangal.com\/preparatoire\/wp-content\/uploads\/sites\/3\/2020\/06\/prepa-documents.png\",\"width\":1920,\"height\":642},{\"@type\":\"WebPage\",\"@id\":\"http:\/\/pharmacie-kerangal.com\/preparatoire\/faq\/#webpage\",\"url\":\"http:\/\/pharmacie-kerangal.com\/preparatoire\/faq\/\",\"name\":\"Foire aux questions - pr\\u00e9paratoire Kerangal\",\"isPartOf\":{\"@id\":\"http:\/\/pharmacie-kerangal.com\/preparatoire\/#website\"},\"primaryImageOfPage\":{\"@id\":\"http:\/\/pharmacie-kerangal.com\/preparatoire\/faq\/#primaryimage\"},\"datePublished\":\"2020-05-07T07:52:51+00:00\",\"dateModified\":\"2020-07-01T10:16:29+00:00\",\"breadcrumb\":{\"@id\":\"http:\/\/pharmacie-kerangal.com\/preparatoire\/faq\/#breadcrumb\"},\"inLanguage\":\"fr-FR\",\"potentialAction\":[{\"@type\":\"ReadAction\",\"target\":[\"http:\/\/pharmacie-kerangal.com\/preparatoire\/faq\/\"]}]},{\"@type\":\"BreadcrumbList\",\"@id\":\"http:\/\/pharmacie-kerangal.com\/preparatoire\/faq\/#breadcrumb\",\"itemListElement\":[{\"@type\":\"ListItem\",\"position\":1,\"name\":\"Accueil\",\"item\":\"http:\/\/pharmacie-kerangal.com\/preparatoire\/\"},{\"@type\":\"ListItem\",\"position\":2,\"name\":\"Foire aux questions\"}]}]}<\/script>\n<!-- \/ Yoast SEO plugin. -->","yoast_head_json":{"title":"Foire aux questions - pr\u00e9paratoire Kerangal","robots":{"index":"index","follow":"follow","max-snippet":"max-snippet:-1","max-image-preview":"max-image-preview:large","max-video-preview":"max-video-preview:-1"},"canonical":"http:\/\/pharmacie-kerangal.com\/preparatoire\/faq\/","og_locale":"fr_FR","og_type":"article","og_title":"Foire aux questions - pr\u00e9paratoire Kerangal","og_description":"La pr\u00e9paration est-elle rembours\u00e9e ? Pour qu\u2019une pr\u00e9paration puisse \u00eatre prise en charge, la phrase \u00ab&nbsp;pr\u00e9paration magistrale \u00e0 but th\u00e9rapeutique en l\u2019absence de sp\u00e9cialit\u00e9s \u00e9quivalentes disponibles&nbsp;\u00bb est INDISPENSABLE. Seules les pr\u00e9parations magistrales ayant une place strat\u00e9gique majeure dans la prise en charge th\u00e9rapeutique d\u2019un patient est susceptible d\u2019\u00eatre prise en charge. Quelques exemples de pr\u00e9parations &hellip; Continued","og_url":"http:\/\/pharmacie-kerangal.com\/preparatoire\/faq\/","og_site_name":"pr\u00e9paratoire Kerangal","article_modified_time":"2020-07-01T10:16:29+00:00","og_image":[{"width":1920,"height":642,"url":"http:\/\/pharmacie-kerangal.com\/preparatoire\/wp-content\/uploads\/sites\/3\/2020\/06\/prepa-documents.png","type":"image\/png"}],"twitter_card":"summary_large_image","twitter_misc":{"Dur\u00e9e de lecture estim\u00e9e":"2 minutes"},"schema":{"@context":"https:\/\/schema.org","@graph":[{"@type":"WebSite","@id":"http:\/\/pharmacie-kerangal.com\/preparatoire\/#website","url":"http:\/\/pharmacie-kerangal.com\/preparatoire\/","name":"pr\u00e9paratoire Kerangal","description":"Un site utilisant Les sites de kerangal","potentialAction":[{"@type":"SearchAction","target":{"@type":"EntryPoint","urlTemplate":"http:\/\/pharmacie-kerangal.com\/preparatoire\/?s={search_term_string}"},"query-input":"required name=search_term_string"}],"inLanguage":"fr-FR"},{"@type":"ImageObject","@id":"http:\/\/pharmacie-kerangal.com\/preparatoire\/faq\/#primaryimage","inLanguage":"fr-FR","url":"https:\/\/pharmacie-kerangal.com\/preparatoire\/wp-content\/uploads\/sites\/3\/2020\/06\/prepa-documents.png","contentUrl":"https:\/\/pharmacie-kerangal.com\/preparatoire\/wp-content\/uploads\/sites\/3\/2020\/06\/prepa-documents.png","width":1920,"height":642},{"@type":"WebPage","@id":"http:\/\/pharmacie-kerangal.com\/preparatoire\/faq\/#webpage","url":"http:\/\/pharmacie-kerangal.com\/preparatoire\/faq\/","name":"Foire aux questions - pr\u00e9paratoire Kerangal","isPartOf":{"@id":"http:\/\/pharmacie-kerangal.com\/preparatoire\/#website"},"primaryImageOfPage":{"@id":"http:\/\/pharmacie-kerangal.com\/preparatoire\/faq\/#primaryimage"},"datePublished":"2020-05-07T07:52:51+00:00","dateModified":"2020-07-01T10:16:29+00:00","breadcrumb":{"@id":"http:\/\/pharmacie-kerangal.com\/preparatoire\/faq\/#breadcrumb"},"inLanguage":"fr-FR","potentialAction":[{"@type":"ReadAction","target":["http:\/\/pharmacie-kerangal.com\/preparatoire\/faq\/"]}]},{"@type":"BreadcrumbList","@id":"http:\/\/pharmacie-kerangal.com\/preparatoire\/faq\/#breadcrumb","itemListElement":[{"@type":"ListItem","position":1,"name":"Accueil","item":"http:\/\/pharmacie-kerangal.com\/preparatoire\/"},{"@type":"ListItem","position":2,"name":"Foire aux questions"}]}]}},"_links":{"self":[{"href":"https:\/\/pharmacie-kerangal.com\/preparatoire\/wp-json\/wp\/v2\/pages\/20"}],"collection":[{"href":"https:\/\/pharmacie-kerangal.com\/preparatoire\/wp-json\/wp\/v2\/pages"}],"about":[{"href":"https:\/\/pharmacie-kerangal.com\/preparatoire\/wp-json\/wp\/v2\/types\/page"}],"author":[{"embeddable":true,"href":"https:\/\/pharmacie-kerangal.com\/preparatoire\/wp-json\/wp\/v2\/users\/1"}],"replies":[{"embeddable":true,"href":"https:\/\/pharmacie-kerangal.com\/preparatoire\/wp-json\/wp\/v2\/comments?post=20"}],"version-history":[{"count":16,"href":"https:\/\/pharmacie-kerangal.com\/preparatoire\/wp-json\/wp\/v2\/pages\/20\/revisions"}],"predecessor-version":[{"id":262,"href":"https:\/\/pharmacie-kerangal.com\/preparatoire\/wp-json\/wp\/v2\/pages\/20\/revisions\/262"}],"wp:featuredmedia":[{"embeddable":true,"href":"https:\/\/pharmacie-kerangal.com\/preparatoire\/wp-json\/wp\/v2\/media\/100"}],"wp:attachment":[{"href":"https:\/\/pharmacie-kerangal.com\/preparatoire\/wp-json\/wp\/v2\/media?parent=20"}],"curies":[{"name":"wp","href":"https:\/\/api.w.org\/{rel}","templated":true}]}}