{"id":265,"date":"2020-07-20T17:08:19","date_gmt":"2020-07-20T15:08:19","guid":{"rendered":"http:\/\/pharmacie-kerangal.com\/preparatoire\/?page_id=265"},"modified":"2021-02-03T22:00:43","modified_gmt":"2021-02-03T21:00:43","slug":"notre-demarche-qualite-preparatoire-kerangal-a-rennes","status":"publish","type":"page","link":"https:\/\/pharmacie-kerangal.com\/preparatoire\/notre-demarche-qualite-preparatoire-kerangal-a-rennes\/","title":{"rendered":"Notre d\u00e9marche qualit\u00e9"},"content":{"rendered":"\n<h2>Un personnel exp\u00e9riment\u00e9 et form\u00e9.<\/h2>\n\n\n\n<p>La qualit\u00e9 d&rsquo;une pr\u00e9paration est directement li\u00e9e aux personnes qui g\u00e8rent vos commandes, c&rsquo;est pourquoi, toute une \u00e9quipe de professionnels passionn\u00e9s et form\u00e9s est \u00e0 votre \u00e9coute et saura mettre \u00e0 votre disposition sa grande exp\u00e9rience afin de r\u00e9pondre efficacement \u00e0 vos demandes.<\/p>\n\n\n\n<p>Avec une moyenne de 10 ans d&rsquo;exp\u00e9riences nous saurons vous r\u00e9pondre.<\/p>\n\n\n\n<h2>Le respect des bonnes pratiques de pr\u00e9paration&nbsp;:<\/h2>\n\n\n\n<p>Toutes nos pr\u00e9parations sont r\u00e9alis\u00e9es dans le respect des bonnes pratiques de pr\u00e9paration, ces bonnes pratiques sont identiques \u00e0 celle qui doivent \u00eatre appliqu\u00e9es en Milieu Hospitalier.<\/p>\n\n\n\n<h2>Le respect des proc\u00e9dures&nbsp;:<\/h2>\n\n\n\n<p>Afin de garantir une reproductibilit\u00e9 de chacune des \u00e9tapes qui permettent l\u2019\u00e9laboration des multiples pr\u00e9parations que nous r\u00e9alisons chaque jour, des proc\u00e9dures \u00e9crites ont \u00e9t\u00e9 mises en place. Les pharmaciens responsables veillent chaque jour \u00e0 ce que ces derni\u00e8res soient bien appliqu\u00e9es.<\/p>\n\n\n\n<h2>Le choix des mati\u00e8res premi\u00e8res de qualit\u00e9&nbsp;:<\/h2>\n\n\n\n<p>Toutes Les mati\u00e8res premi\u00e8res et articles de conditionnement que nous utilisons pour la r\u00e9alisation des pr\u00e9parations nous sont fournis par des fournisseurs agr\u00e9\u00e9s par l\u2019ANSM. Avant toute utilisation, Toutes les mati\u00e8res que nous recevons sont enregistr\u00e9es, contr\u00f4l\u00e9es puis lib\u00e9r\u00e9es par un pharmacien. Elles doivent toutes \u00eatre accompagn\u00e9es d\u2019un bulletin d\u2019analyse prouvant leur qualit\u00e9. Au moindre doute la mati\u00e8re premi\u00e8re est refus\u00e9e.<\/p>\n\n\n\n<h2>Une tra\u00e7abilit\u00e9 sans faille&nbsp;:<\/h2>\n\n\n\n<p>Toutes les pr\u00e9parations sont r\u00e9alis\u00e9es par des pr\u00e9parateurs form\u00e9s et qualifi\u00e9s, il r\u00e9alisent les pr\u00e9parations \u00e0 l\u2019aide d\u2019une assistance informatique qui permet de s\u00e9curiser chaque \u00e9tape. Tout est enregistr\u00e9 du d\u00e9but \u00e0 la fin.<\/p>\n\n\n<div class=\"flex flex-wrap flex-nowrap-l mv4 mv5-l\">\n    <span class=\"icon--medium db fill-brand-green self-center pr0 pr4-l pb4 pb0-l center ml0-l\">\n        <svg class=\"\">\n            <use xmlns:xlink=\"http:\/\/www.w3.org\/1999\/xlink\" xlink:href=\"#important\"><\/use>\n        <\/svg>\n    <\/span>\n\n    <div class='self-center flex-auto pl0 pl5-l bl-l b--brand-green tc tl-l'>\n       <h3 class=\"ma0 pa0 musk-regular fw1 f2\">Un rappel de lot fournisseur\u00a0?<\/h3>\n       <div class=\"pv3\">\n           <strong class=\"fw6\">Aucun probl\u00e8me nous sommes capables de retrouver toutes les pr\u00e9parations que nous avons r\u00e9alis\u00e9es avec la mati\u00e8re premi\u00e8re incrimin\u00e9e\u00a0!<\/strong>\n        <\/div> \n    <\/div>\n<\/div>","protected":false},"excerpt":{"rendered":"<p>Un personnel exp\u00e9riment\u00e9 et form\u00e9. La qualit\u00e9 d&rsquo;une pr\u00e9paration est directement li\u00e9e aux personnes qui g\u00e8rent vos commandes, c&rsquo;est pourquoi, toute une \u00e9quipe de professionnels passionn\u00e9s et form\u00e9s est \u00e0 votre \u00e9coute et saura mettre \u00e0 votre disposition sa grande exp\u00e9rience afin de r\u00e9pondre efficacement \u00e0 vos demandes. Avec une moyenne de 10 ans d&rsquo;exp\u00e9riences &hellip; <a href=\"https:\/\/pharmacie-kerangal.com\/preparatoire\/notre-demarche-qualite-preparatoire-kerangal-a-rennes\/\">Continued<\/a><\/p>\n","protected":false},"author":1,"featured_media":333,"parent":0,"menu_order":0,"comment_status":"closed","ping_status":"closed","template":"views\/template-preparatoire.blade.php","meta":[],"yoast_head":"<!-- This site is optimized with the Yoast SEO plugin v17.3 - https:\/\/yoast.com\/wordpress\/plugins\/seo\/ -->\n<title>Notre d\u00e9marche qualit\u00e9 - pr\u00e9paratoire Kerangal \u00e0 RENNES<\/title>\n<meta name=\"description\" content=\"Le Pr\u00e9paratoire Kerangal \u00e0 RENNES est certifi\u00e9 ISO 9001 depuis plus de 8 ans, un gage de qualit\u00e9 pour la gestion de vos commandes.\" \/>\n<meta name=\"robots\" content=\"index, follow, max-snippet:-1, max-image-preview:large, max-video-preview:-1\" \/>\n<link rel=\"canonical\" href=\"http:\/\/pharmacie-kerangal.com\/preparatoire\/notre-demarche-qualite-preparatoire-kerangal-a-rennes\/\" \/>\n<meta property=\"og:locale\" content=\"fr_FR\" \/>\n<meta property=\"og:type\" content=\"article\" \/>\n<meta property=\"og:title\" content=\"Notre d\u00e9marche qualit\u00e9 - pr\u00e9paratoire Kerangal \u00e0 RENNES\" \/>\n<meta property=\"og:description\" content=\"Le Pr\u00e9paratoire Kerangal \u00e0 RENNES est certifi\u00e9 ISO 9001 depuis plus de 8 ans, un gage de qualit\u00e9 pour la gestion de vos commandes.\" \/>\n<meta property=\"og:url\" content=\"http:\/\/pharmacie-kerangal.com\/preparatoire\/notre-demarche-qualite-preparatoire-kerangal-a-rennes\/\" \/>\n<meta property=\"og:site_name\" content=\"pr\u00e9paratoire Kerangal\" \/>\n<meta property=\"article:modified_time\" content=\"2021-02-03T21:00:43+00:00\" \/>\n<meta property=\"og:image\" content=\"http:\/\/pharmacie-kerangal.com\/preparatoire\/wp-content\/uploads\/sites\/3\/2020\/09\/BV_Certification_ISO-9001-2015.jpg\" \/>\n\t<meta property=\"og:image:width\" content=\"1723\" \/>\n\t<meta property=\"og:image:height\" content=\"798\" \/>\n<meta name=\"twitter:card\" content=\"summary_large_image\" \/>\n<meta name=\"twitter:label1\" content=\"Dur\u00e9e de lecture estim\u00e9e\" \/>\n\t<meta name=\"twitter:data1\" content=\"2 minutes\" \/>\n<script type=\"application\/ld+json\" class=\"yoast-schema-graph\">{\"@context\":\"https:\/\/schema.org\",\"@graph\":[{\"@type\":\"WebSite\",\"@id\":\"http:\/\/pharmacie-kerangal.com\/preparatoire\/#website\",\"url\":\"http:\/\/pharmacie-kerangal.com\/preparatoire\/\",\"name\":\"pr\\u00e9paratoire Kerangal\",\"description\":\"Un site utilisant Les sites de kerangal\",\"potentialAction\":[{\"@type\":\"SearchAction\",\"target\":{\"@type\":\"EntryPoint\",\"urlTemplate\":\"http:\/\/pharmacie-kerangal.com\/preparatoire\/?s={search_term_string}\"},\"query-input\":\"required name=search_term_string\"}],\"inLanguage\":\"fr-FR\"},{\"@type\":\"ImageObject\",\"@id\":\"http:\/\/pharmacie-kerangal.com\/preparatoire\/notre-demarche-qualite-preparatoire-kerangal-a-rennes\/#primaryimage\",\"inLanguage\":\"fr-FR\",\"url\":\"https:\/\/pharmacie-kerangal.com\/preparatoire\/wp-content\/uploads\/sites\/3\/2020\/09\/BV_Certification_ISO-9001-2015.jpg\",\"contentUrl\":\"https:\/\/pharmacie-kerangal.com\/preparatoire\/wp-content\/uploads\/sites\/3\/2020\/09\/BV_Certification_ISO-9001-2015.jpg\",\"width\":1723,\"height\":798},{\"@type\":\"WebPage\",\"@id\":\"http:\/\/pharmacie-kerangal.com\/preparatoire\/notre-demarche-qualite-preparatoire-kerangal-a-rennes\/#webpage\",\"url\":\"http:\/\/pharmacie-kerangal.com\/preparatoire\/notre-demarche-qualite-preparatoire-kerangal-a-rennes\/\",\"name\":\"Notre d\\u00e9marche qualit\\u00e9 - pr\\u00e9paratoire Kerangal \\u00e0 RENNES\",\"isPartOf\":{\"@id\":\"http:\/\/pharmacie-kerangal.com\/preparatoire\/#website\"},\"primaryImageOfPage\":{\"@id\":\"http:\/\/pharmacie-kerangal.com\/preparatoire\/notre-demarche-qualite-preparatoire-kerangal-a-rennes\/#primaryimage\"},\"datePublished\":\"2020-07-20T15:08:19+00:00\",\"dateModified\":\"2021-02-03T21:00:43+00:00\",\"description\":\"Le Pr\\u00e9paratoire Kerangal \\u00e0 RENNES est certifi\\u00e9 ISO 9001 depuis plus de 8 ans, un gage de qualit\\u00e9 pour la gestion de vos commandes.\",\"breadcrumb\":{\"@id\":\"http:\/\/pharmacie-kerangal.com\/preparatoire\/notre-demarche-qualite-preparatoire-kerangal-a-rennes\/#breadcrumb\"},\"inLanguage\":\"fr-FR\",\"potentialAction\":[{\"@type\":\"ReadAction\",\"target\":[\"http:\/\/pharmacie-kerangal.com\/preparatoire\/notre-demarche-qualite-preparatoire-kerangal-a-rennes\/\"]}]},{\"@type\":\"BreadcrumbList\",\"@id\":\"http:\/\/pharmacie-kerangal.com\/preparatoire\/notre-demarche-qualite-preparatoire-kerangal-a-rennes\/#breadcrumb\",\"itemListElement\":[{\"@type\":\"ListItem\",\"position\":1,\"name\":\"Accueil\",\"item\":\"http:\/\/pharmacie-kerangal.com\/preparatoire\/\"},{\"@type\":\"ListItem\",\"position\":2,\"name\":\"Notre d\\u00e9marche qualit\\u00e9\"}]}]}<\/script>\n<!-- \/ Yoast SEO plugin. -->","yoast_head_json":{"title":"Notre d\u00e9marche qualit\u00e9 - pr\u00e9paratoire Kerangal \u00e0 RENNES","description":"Le Pr\u00e9paratoire Kerangal \u00e0 RENNES est certifi\u00e9 ISO 9001 depuis plus de 8 ans, un gage de qualit\u00e9 pour la gestion de vos commandes.","robots":{"index":"index","follow":"follow","max-snippet":"max-snippet:-1","max-image-preview":"max-image-preview:large","max-video-preview":"max-video-preview:-1"},"canonical":"http:\/\/pharmacie-kerangal.com\/preparatoire\/notre-demarche-qualite-preparatoire-kerangal-a-rennes\/","og_locale":"fr_FR","og_type":"article","og_title":"Notre d\u00e9marche qualit\u00e9 - pr\u00e9paratoire Kerangal \u00e0 RENNES","og_description":"Le Pr\u00e9paratoire Kerangal \u00e0 RENNES est certifi\u00e9 ISO 9001 depuis plus de 8 ans, un gage de qualit\u00e9 pour la gestion de vos commandes.","og_url":"http:\/\/pharmacie-kerangal.com\/preparatoire\/notre-demarche-qualite-preparatoire-kerangal-a-rennes\/","og_site_name":"pr\u00e9paratoire Kerangal","article_modified_time":"2021-02-03T21:00:43+00:00","og_image":[{"width":1723,"height":798,"url":"http:\/\/pharmacie-kerangal.com\/preparatoire\/wp-content\/uploads\/sites\/3\/2020\/09\/BV_Certification_ISO-9001-2015.jpg","type":"image\/jpeg"}],"twitter_card":"summary_large_image","twitter_misc":{"Dur\u00e9e de lecture estim\u00e9e":"2 minutes"},"schema":{"@context":"https:\/\/schema.org","@graph":[{"@type":"WebSite","@id":"http:\/\/pharmacie-kerangal.com\/preparatoire\/#website","url":"http:\/\/pharmacie-kerangal.com\/preparatoire\/","name":"pr\u00e9paratoire Kerangal","description":"Un site utilisant Les sites de kerangal","potentialAction":[{"@type":"SearchAction","target":{"@type":"EntryPoint","urlTemplate":"http:\/\/pharmacie-kerangal.com\/preparatoire\/?s={search_term_string}"},"query-input":"required name=search_term_string"}],"inLanguage":"fr-FR"},{"@type":"ImageObject","@id":"http:\/\/pharmacie-kerangal.com\/preparatoire\/notre-demarche-qualite-preparatoire-kerangal-a-rennes\/#primaryimage","inLanguage":"fr-FR","url":"https:\/\/pharmacie-kerangal.com\/preparatoire\/wp-content\/uploads\/sites\/3\/2020\/09\/BV_Certification_ISO-9001-2015.jpg","contentUrl":"https:\/\/pharmacie-kerangal.com\/preparatoire\/wp-content\/uploads\/sites\/3\/2020\/09\/BV_Certification_ISO-9001-2015.jpg","width":1723,"height":798},{"@type":"WebPage","@id":"http:\/\/pharmacie-kerangal.com\/preparatoire\/notre-demarche-qualite-preparatoire-kerangal-a-rennes\/#webpage","url":"http:\/\/pharmacie-kerangal.com\/preparatoire\/notre-demarche-qualite-preparatoire-kerangal-a-rennes\/","name":"Notre d\u00e9marche qualit\u00e9 - pr\u00e9paratoire Kerangal \u00e0 RENNES","isPartOf":{"@id":"http:\/\/pharmacie-kerangal.com\/preparatoire\/#website"},"primaryImageOfPage":{"@id":"http:\/\/pharmacie-kerangal.com\/preparatoire\/notre-demarche-qualite-preparatoire-kerangal-a-rennes\/#primaryimage"},"datePublished":"2020-07-20T15:08:19+00:00","dateModified":"2021-02-03T21:00:43+00:00","description":"Le Pr\u00e9paratoire Kerangal \u00e0 RENNES est certifi\u00e9 ISO 9001 depuis plus de 8 ans, un gage de qualit\u00e9 pour la gestion de vos commandes.","breadcrumb":{"@id":"http:\/\/pharmacie-kerangal.com\/preparatoire\/notre-demarche-qualite-preparatoire-kerangal-a-rennes\/#breadcrumb"},"inLanguage":"fr-FR","potentialAction":[{"@type":"ReadAction","target":["http:\/\/pharmacie-kerangal.com\/preparatoire\/notre-demarche-qualite-preparatoire-kerangal-a-rennes\/"]}]},{"@type":"BreadcrumbList","@id":"http:\/\/pharmacie-kerangal.com\/preparatoire\/notre-demarche-qualite-preparatoire-kerangal-a-rennes\/#breadcrumb","itemListElement":[{"@type":"ListItem","position":1,"name":"Accueil","item":"http:\/\/pharmacie-kerangal.com\/preparatoire\/"},{"@type":"ListItem","position":2,"name":"Notre d\u00e9marche qualit\u00e9"}]}]}},"_links":{"self":[{"href":"https:\/\/pharmacie-kerangal.com\/preparatoire\/wp-json\/wp\/v2\/pages\/265"}],"collection":[{"href":"https:\/\/pharmacie-kerangal.com\/preparatoire\/wp-json\/wp\/v2\/pages"}],"about":[{"href":"https:\/\/pharmacie-kerangal.com\/preparatoire\/wp-json\/wp\/v2\/types\/page"}],"author":[{"embeddable":true,"href":"https:\/\/pharmacie-kerangal.com\/preparatoire\/wp-json\/wp\/v2\/users\/1"}],"replies":[{"embeddable":true,"href":"https:\/\/pharmacie-kerangal.com\/preparatoire\/wp-json\/wp\/v2\/comments?post=265"}],"version-history":[{"count":6,"href":"https:\/\/pharmacie-kerangal.com\/preparatoire\/wp-json\/wp\/v2\/pages\/265\/revisions"}],"predecessor-version":[{"id":588,"href":"https:\/\/pharmacie-kerangal.com\/preparatoire\/wp-json\/wp\/v2\/pages\/265\/revisions\/588"}],"wp:featuredmedia":[{"embeddable":true,"href":"https:\/\/pharmacie-kerangal.com\/preparatoire\/wp-json\/wp\/v2\/media\/333"}],"wp:attachment":[{"href":"https:\/\/pharmacie-kerangal.com\/preparatoire\/wp-json\/wp\/v2\/media?parent=265"}],"curies":[{"name":"wp","href":"https:\/\/api.w.org\/{rel}","templated":true}]}}