{"id":5,"date":"2020-05-07T08:57:40","date_gmt":"2020-05-07T06:57:40","guid":{"rendered":"http:\/\/pharmacie-kerangal.com\/preparatoire\/?page_id=5"},"modified":"2021-03-06T09:06:06","modified_gmt":"2021-03-06T08:06:06","slug":"accueil","status":"publish","type":"page","link":"https:\/\/pharmacie-kerangal.com\/preparatoire\/","title":{"rendered":"Bienvenu au Pr\u00e9paratoire KERANGAL"},"content":{"rendered":"\n<p>Seule officine de Rennes sp\u00e9cialis\u00e9e dans les pr\u00e9parations magistrales et officinales, Le pr\u00e9paratoire KERANGAL certifi\u00e9 ISO 9001, gage de qualit\u00e9 pour vos commandes, peut r\u00e9pondre \u00e0 tout type de demandes et de prescriptions de pr\u00e9parations non-st\u00e9riles.<\/p>\n\n\n\n<p>Nous r\u00e9alisons des m\u00e9dicaments sur mesure \u00e0 destination des enfants, adultes, personnes \u00e2g\u00e9es ainsi que des animaux.<br>L&rsquo;aromath\u00e9rapie (huiles essentielles) et la phytoth\u00e9rapie (plantes) font \u00e9galement partie de nos comp\u00e9tences.<\/p>\n\n\n\n<p>N&rsquo;h\u00e9sitez pas \u00e0 nous contacter pour toute demande d&rsquo;informations.<\/p>\n\n\n\n<p>Quelques exemples de pr\u00e9parations que nous r\u00e9alisons: <span class=\"has-inline-color has-vivid-purple-color\"><a href=\"https:\/\/pharmacie-kerangal.com\/preparatoire\/article\/le-julep-gommeux-au-carbonate-de-calcium-pour-lutter-contre-les-coliques-du-nourrisson\/\">julep gommeux au carbonate de calcium<\/a><\/span>, <span class=\"has-inline-color has-vivid-purple-color\">pommade saint louis.<\/span><\/p>\n\n\n\n<p>Nous r\u00e9alisons pour les enfants des pr\u00e9parations sous forme de liquide buvable, g\u00e9lules ou g\u00e9lules \u00e0 ouvrir.<\/p>\n\n\n\n<p>Pour les animaux nous proposons aussi des formes liquide ou g\u00e9lules.<\/p>\n","protected":false},"excerpt":{"rendered":"<p>Seule officine de Rennes sp\u00e9cialis\u00e9e dans les pr\u00e9parations magistrales et officinales, Le pr\u00e9paratoire KERANGAL certifi\u00e9 ISO 9001, gage de qualit\u00e9 pour vos commandes, peut r\u00e9pondre \u00e0 tout type de demandes et de prescriptions de pr\u00e9parations non-st\u00e9riles. Nous r\u00e9alisons des m\u00e9dicaments sur mesure \u00e0 destination des enfants, adultes, personnes \u00e2g\u00e9es ainsi que des animaux.L&rsquo;aromath\u00e9rapie (huiles essentielles) &hellip; <a href=\"https:\/\/pharmacie-kerangal.com\/preparatoire\/\">Continued<\/a><\/p>\n","protected":false},"author":1,"featured_media":0,"parent":0,"menu_order":0,"comment_status":"closed","ping_status":"closed","template":"views\/frontpage.blade.php","meta":[],"yoast_head":"<!-- This site is optimized with the Yoast SEO plugin v17.3 - https:\/\/yoast.com\/wordpress\/plugins\/seo\/ -->\n<title>Bienvenu au Pr\u00e9paratoire KERANGAL - Votre Pr\u00e9paratoire \u00e0 RENNES<\/title>\n<meta name=\"description\" content=\"Le pr\u00e9paratoire KERANGAL est certifi\u00e9 ISO 9001, sous traitant en pr\u00e9parations Pharmaceutiques p\u00e9diatriques, adultes et v\u00e9t\u00e9rinaire.\" \/>\n<meta name=\"robots\" content=\"index, follow, max-snippet:-1, max-image-preview:large, max-video-preview:-1\" \/>\n<link rel=\"canonical\" href=\"http:\/\/pharmacie-kerangal.com\/preparatoire\/\" \/>\n<meta property=\"og:locale\" content=\"fr_FR\" \/>\n<meta property=\"og:type\" content=\"article\" \/>\n<meta property=\"og:title\" content=\"Bienvenu au Pr\u00e9paratoire KERANGAL - Votre Pr\u00e9paratoire \u00e0 RENNES\" \/>\n<meta property=\"og:description\" content=\"Le pr\u00e9paratoire KERANGAL est certifi\u00e9 ISO 9001, sous traitant en pr\u00e9parations Pharmaceutiques p\u00e9diatriques, adultes et v\u00e9t\u00e9rinaire.\" \/>\n<meta property=\"og:url\" content=\"http:\/\/pharmacie-kerangal.com\/preparatoire\/\" \/>\n<meta property=\"og:site_name\" content=\"pr\u00e9paratoire Kerangal\" \/>\n<meta property=\"article:modified_time\" content=\"2021-03-06T08:06:06+00:00\" \/>\n<meta name=\"twitter:card\" content=\"summary_large_image\" \/>\n<meta name=\"twitter:label1\" content=\"Dur\u00e9e de lecture estim\u00e9e\" \/>\n\t<meta name=\"twitter:data1\" content=\"1 minute\" \/>\n<script type=\"application\/ld+json\" class=\"yoast-schema-graph\">{\"@context\":\"https:\/\/schema.org\",\"@graph\":[{\"@type\":\"WebSite\",\"@id\":\"http:\/\/pharmacie-kerangal.com\/preparatoire\/#website\",\"url\":\"http:\/\/pharmacie-kerangal.com\/preparatoire\/\",\"name\":\"pr\\u00e9paratoire Kerangal\",\"description\":\"Un site utilisant Les sites de kerangal\",\"potentialAction\":[{\"@type\":\"SearchAction\",\"target\":{\"@type\":\"EntryPoint\",\"urlTemplate\":\"http:\/\/pharmacie-kerangal.com\/preparatoire\/?s={search_term_string}\"},\"query-input\":\"required name=search_term_string\"}],\"inLanguage\":\"fr-FR\"},{\"@type\":\"WebPage\",\"@id\":\"http:\/\/pharmacie-kerangal.com\/preparatoire\/#webpage\",\"url\":\"http:\/\/pharmacie-kerangal.com\/preparatoire\/\",\"name\":\"Bienvenu au Pr\\u00e9paratoire KERANGAL - Votre Pr\\u00e9paratoire \\u00e0 RENNES\",\"isPartOf\":{\"@id\":\"http:\/\/pharmacie-kerangal.com\/preparatoire\/#website\"},\"datePublished\":\"2020-05-07T06:57:40+00:00\",\"dateModified\":\"2021-03-06T08:06:06+00:00\",\"description\":\"Le pr\\u00e9paratoire KERANGAL est certifi\\u00e9 ISO 9001, sous traitant en pr\\u00e9parations Pharmaceutiques p\\u00e9diatriques, adultes et v\\u00e9t\\u00e9rinaire.\",\"breadcrumb\":{\"@id\":\"http:\/\/pharmacie-kerangal.com\/preparatoire\/#breadcrumb\"},\"inLanguage\":\"fr-FR\",\"potentialAction\":[{\"@type\":\"ReadAction\",\"target\":[\"http:\/\/pharmacie-kerangal.com\/preparatoire\/\"]}]},{\"@type\":\"BreadcrumbList\",\"@id\":\"http:\/\/pharmacie-kerangal.com\/preparatoire\/#breadcrumb\",\"itemListElement\":[{\"@type\":\"ListItem\",\"position\":1,\"name\":\"Accueil\",\"item\":\"http:\/\/pharmacie-kerangal.com\/preparatoire\/\"},{\"@type\":\"ListItem\",\"position\":2,\"name\":\"Bienvenu au Pr\\u00e9paratoire KERANGAL\"}]}]}<\/script>\n<!-- \/ Yoast SEO plugin. -->","yoast_head_json":{"title":"Bienvenu au Pr\u00e9paratoire KERANGAL - Votre Pr\u00e9paratoire \u00e0 RENNES","description":"Le pr\u00e9paratoire KERANGAL est certifi\u00e9 ISO 9001, sous traitant en pr\u00e9parations Pharmaceutiques p\u00e9diatriques, adultes et v\u00e9t\u00e9rinaire.","robots":{"index":"index","follow":"follow","max-snippet":"max-snippet:-1","max-image-preview":"max-image-preview:large","max-video-preview":"max-video-preview:-1"},"canonical":"http:\/\/pharmacie-kerangal.com\/preparatoire\/","og_locale":"fr_FR","og_type":"article","og_title":"Bienvenu au Pr\u00e9paratoire KERANGAL - Votre Pr\u00e9paratoire \u00e0 RENNES","og_description":"Le pr\u00e9paratoire KERANGAL est certifi\u00e9 ISO 9001, sous traitant en pr\u00e9parations Pharmaceutiques p\u00e9diatriques, adultes et v\u00e9t\u00e9rinaire.","og_url":"http:\/\/pharmacie-kerangal.com\/preparatoire\/","og_site_name":"pr\u00e9paratoire Kerangal","article_modified_time":"2021-03-06T08:06:06+00:00","twitter_card":"summary_large_image","twitter_misc":{"Dur\u00e9e de lecture estim\u00e9e":"1 minute"},"schema":{"@context":"https:\/\/schema.org","@graph":[{"@type":"WebSite","@id":"http:\/\/pharmacie-kerangal.com\/preparatoire\/#website","url":"http:\/\/pharmacie-kerangal.com\/preparatoire\/","name":"pr\u00e9paratoire Kerangal","description":"Un site utilisant Les sites de kerangal","potentialAction":[{"@type":"SearchAction","target":{"@type":"EntryPoint","urlTemplate":"http:\/\/pharmacie-kerangal.com\/preparatoire\/?s={search_term_string}"},"query-input":"required name=search_term_string"}],"inLanguage":"fr-FR"},{"@type":"WebPage","@id":"http:\/\/pharmacie-kerangal.com\/preparatoire\/#webpage","url":"http:\/\/pharmacie-kerangal.com\/preparatoire\/","name":"Bienvenu au Pr\u00e9paratoire KERANGAL - Votre Pr\u00e9paratoire \u00e0 RENNES","isPartOf":{"@id":"http:\/\/pharmacie-kerangal.com\/preparatoire\/#website"},"datePublished":"2020-05-07T06:57:40+00:00","dateModified":"2021-03-06T08:06:06+00:00","description":"Le pr\u00e9paratoire KERANGAL est certifi\u00e9 ISO 9001, sous traitant en pr\u00e9parations Pharmaceutiques p\u00e9diatriques, adultes et v\u00e9t\u00e9rinaire.","breadcrumb":{"@id":"http:\/\/pharmacie-kerangal.com\/preparatoire\/#breadcrumb"},"inLanguage":"fr-FR","potentialAction":[{"@type":"ReadAction","target":["http:\/\/pharmacie-kerangal.com\/preparatoire\/"]}]},{"@type":"BreadcrumbList","@id":"http:\/\/pharmacie-kerangal.com\/preparatoire\/#breadcrumb","itemListElement":[{"@type":"ListItem","position":1,"name":"Accueil","item":"http:\/\/pharmacie-kerangal.com\/preparatoire\/"},{"@type":"ListItem","position":2,"name":"Bienvenu au Pr\u00e9paratoire KERANGAL"}]}]}},"_links":{"self":[{"href":"https:\/\/pharmacie-kerangal.com\/preparatoire\/wp-json\/wp\/v2\/pages\/5"}],"collection":[{"href":"https:\/\/pharmacie-kerangal.com\/preparatoire\/wp-json\/wp\/v2\/pages"}],"about":[{"href":"https:\/\/pharmacie-kerangal.com\/preparatoire\/wp-json\/wp\/v2\/types\/page"}],"author":[{"embeddable":true,"href":"https:\/\/pharmacie-kerangal.com\/preparatoire\/wp-json\/wp\/v2\/users\/1"}],"replies":[{"embeddable":true,"href":"https:\/\/pharmacie-kerangal.com\/preparatoire\/wp-json\/wp\/v2\/comments?post=5"}],"version-history":[{"count":43,"href":"https:\/\/pharmacie-kerangal.com\/preparatoire\/wp-json\/wp\/v2\/pages\/5\/revisions"}],"predecessor-version":[{"id":543,"href":"https:\/\/pharmacie-kerangal.com\/preparatoire\/wp-json\/wp\/v2\/pages\/5\/revisions\/543"}],"wp:attachment":[{"href":"https:\/\/pharmacie-kerangal.com\/preparatoire\/wp-json\/wp\/v2\/media?parent=5"}],"curies":[{"name":"wp","href":"https:\/\/api.w.org\/{rel}","templated":true}]}}