{"id":670,"date":"2024-01-12T13:33:03","date_gmt":"2024-01-12T12:33:03","guid":{"rendered":"https:\/\/pharmacie-kerangal.com\/preparatoire\/?page_id=670"},"modified":"2024-01-15T10:09:27","modified_gmt":"2024-01-15T09:09:27","slug":"fiche-de-validite","status":"publish","type":"page","link":"https:\/\/pharmacie-kerangal.com\/preparatoire\/fiche-de-validite\/","title":{"rendered":"Fiches de validit\u00e9"},"content":{"rendered":"\n<h2>Le pr\u00e9paratoire Kerangal met \u00e0 votre disposition ses mod\u00e8les de fiches de validit\u00e9s r\u00e8glementaires. Pour y acc\u00e9der, cliquez <a href=\"https:\/\/formulaire-europeen.com\/sous-traitant\/pharmacie-kerangal\/\">ICI<\/a> puis sur \u00ab\u00a0j&rsquo;ai un code sous-traitant\u00a0\u00bb et saisir le code:<\/h2>\n\n\n\n<p><\/p>\n\n\n\n<h1 class=\"has-text-align-center\"><strong>615243<\/strong><\/h1>\n\n\n\n<div class=\"wp-block-image is-style-rounded\"><figure class=\"aligncenter size-large\"><a href=\"https:\/\/formulaire-europeen.com\/portail-de-connexion\/\" target=\"_blank\" rel=\"noopener\"><img loading=\"lazy\" width=\"1024\" height=\"505\" src=\"https:\/\/pharmacie-kerangal.com\/preparatoire\/wp-content\/uploads\/sites\/3\/2024\/01\/validite-1024x505.jpg\" alt=\"\" class=\"wp-image-681\" srcset=\"https:\/\/pharmacie-kerangal.com\/preparatoire\/wp-content\/uploads\/sites\/3\/2024\/01\/validite-1024x505.jpg 1024w, https:\/\/pharmacie-kerangal.com\/preparatoire\/wp-content\/uploads\/sites\/3\/2024\/01\/validite-300x148.jpg 300w, https:\/\/pharmacie-kerangal.com\/preparatoire\/wp-content\/uploads\/sites\/3\/2024\/01\/validite-768x379.jpg 768w, https:\/\/pharmacie-kerangal.com\/preparatoire\/wp-content\/uploads\/sites\/3\/2024\/01\/validite-1536x758.jpg 1536w, https:\/\/pharmacie-kerangal.com\/preparatoire\/wp-content\/uploads\/sites\/3\/2024\/01\/validite.jpg 1904w\" sizes=\"(max-width: 1024px) 100vw, 1024px\" \/><\/a><\/figure><\/div>\n\n\n\n<p><\/p>\n","protected":false},"excerpt":{"rendered":"<p>Le pr\u00e9paratoire Kerangal met \u00e0 votre disposition ses mod\u00e8les de fiches de validit\u00e9s r\u00e8glementaires. Pour y acc\u00e9der, cliquez ICI puis sur \u00ab\u00a0j&rsquo;ai un code sous-traitant\u00a0\u00bb et saisir le code: 615243<\/p>\n","protected":false},"author":2,"featured_media":0,"parent":0,"menu_order":0,"comment_status":"closed","ping_status":"closed","template":"views\/template-preparatoire.blade.php","meta":[],"yoast_head":"<!-- This site is optimized with the Yoast SEO plugin v17.3 - https:\/\/yoast.com\/wordpress\/plugins\/seo\/ -->\n<title>Fiches de validit\u00e9 - pr\u00e9paratoire Kerangal<\/title>\n<meta name=\"robots\" content=\"index, follow, max-snippet:-1, max-image-preview:large, max-video-preview:-1\" \/>\n<link rel=\"canonical\" href=\"https:\/\/pharmacie-kerangal.com\/preparatoire\/fiche-de-validite\/\" \/>\n<meta property=\"og:locale\" content=\"fr_FR\" \/>\n<meta property=\"og:type\" content=\"article\" \/>\n<meta property=\"og:title\" content=\"Fiches de validit\u00e9 - pr\u00e9paratoire Kerangal\" \/>\n<meta property=\"og:description\" content=\"Le pr\u00e9paratoire Kerangal met \u00e0 votre disposition ses mod\u00e8les de fiches de validit\u00e9s r\u00e8glementaires. Pour y acc\u00e9der, cliquez ICI puis sur \u00ab\u00a0j&rsquo;ai un code sous-traitant\u00a0\u00bb et saisir le code: 615243\" \/>\n<meta property=\"og:url\" content=\"https:\/\/pharmacie-kerangal.com\/preparatoire\/fiche-de-validite\/\" \/>\n<meta property=\"og:site_name\" content=\"pr\u00e9paratoire Kerangal\" \/>\n<meta property=\"article:modified_time\" content=\"2024-01-15T09:09:27+00:00\" \/>\n<meta property=\"og:image\" content=\"https:\/\/pharmacie-kerangal.com\/preparatoire\/wp-content\/uploads\/sites\/3\/2024\/01\/validite-1024x505.jpg\" \/>\n<meta name=\"twitter:card\" content=\"summary_large_image\" \/>\n<meta name=\"twitter:label1\" content=\"Dur\u00e9e de lecture estim\u00e9e\" \/>\n\t<meta name=\"twitter:data1\" content=\"1 minute\" \/>\n<script type=\"application\/ld+json\" class=\"yoast-schema-graph\">{\"@context\":\"https:\/\/schema.org\",\"@graph\":[{\"@type\":\"WebSite\",\"@id\":\"http:\/\/pharmacie-kerangal.com\/preparatoire\/#website\",\"url\":\"http:\/\/pharmacie-kerangal.com\/preparatoire\/\",\"name\":\"pr\\u00e9paratoire Kerangal\",\"description\":\"Un site utilisant Les sites de kerangal\",\"potentialAction\":[{\"@type\":\"SearchAction\",\"target\":{\"@type\":\"EntryPoint\",\"urlTemplate\":\"http:\/\/pharmacie-kerangal.com\/preparatoire\/?s={search_term_string}\"},\"query-input\":\"required name=search_term_string\"}],\"inLanguage\":\"fr-FR\"},{\"@type\":\"ImageObject\",\"@id\":\"https:\/\/pharmacie-kerangal.com\/preparatoire\/fiche-de-validite\/#primaryimage\",\"inLanguage\":\"fr-FR\",\"url\":\"https:\/\/pharmacie-kerangal.com\/preparatoire\/wp-content\/uploads\/sites\/3\/2024\/01\/validite.jpg\",\"contentUrl\":\"https:\/\/pharmacie-kerangal.com\/preparatoire\/wp-content\/uploads\/sites\/3\/2024\/01\/validite.jpg\",\"width\":1904,\"height\":939},{\"@type\":\"WebPage\",\"@id\":\"https:\/\/pharmacie-kerangal.com\/preparatoire\/fiche-de-validite\/#webpage\",\"url\":\"https:\/\/pharmacie-kerangal.com\/preparatoire\/fiche-de-validite\/\",\"name\":\"Fiches de validit\\u00e9 - pr\\u00e9paratoire Kerangal\",\"isPartOf\":{\"@id\":\"http:\/\/pharmacie-kerangal.com\/preparatoire\/#website\"},\"primaryImageOfPage\":{\"@id\":\"https:\/\/pharmacie-kerangal.com\/preparatoire\/fiche-de-validite\/#primaryimage\"},\"datePublished\":\"2024-01-12T12:33:03+00:00\",\"dateModified\":\"2024-01-15T09:09:27+00:00\",\"breadcrumb\":{\"@id\":\"https:\/\/pharmacie-kerangal.com\/preparatoire\/fiche-de-validite\/#breadcrumb\"},\"inLanguage\":\"fr-FR\",\"potentialAction\":[{\"@type\":\"ReadAction\",\"target\":[\"https:\/\/pharmacie-kerangal.com\/preparatoire\/fiche-de-validite\/\"]}]},{\"@type\":\"BreadcrumbList\",\"@id\":\"https:\/\/pharmacie-kerangal.com\/preparatoire\/fiche-de-validite\/#breadcrumb\",\"itemListElement\":[{\"@type\":\"ListItem\",\"position\":1,\"name\":\"Accueil\",\"item\":\"http:\/\/pharmacie-kerangal.com\/preparatoire\/\"},{\"@type\":\"ListItem\",\"position\":2,\"name\":\"Fiches de validit\\u00e9\"}]}]}<\/script>\n<!-- \/ Yoast SEO plugin. -->","yoast_head_json":{"title":"Fiches de validit\u00e9 - pr\u00e9paratoire Kerangal","robots":{"index":"index","follow":"follow","max-snippet":"max-snippet:-1","max-image-preview":"max-image-preview:large","max-video-preview":"max-video-preview:-1"},"canonical":"https:\/\/pharmacie-kerangal.com\/preparatoire\/fiche-de-validite\/","og_locale":"fr_FR","og_type":"article","og_title":"Fiches de validit\u00e9 - pr\u00e9paratoire Kerangal","og_description":"Le pr\u00e9paratoire Kerangal met \u00e0 votre disposition ses mod\u00e8les de fiches de validit\u00e9s r\u00e8glementaires. Pour y acc\u00e9der, cliquez ICI puis sur \u00ab\u00a0j&rsquo;ai un code sous-traitant\u00a0\u00bb et saisir le code: 615243","og_url":"https:\/\/pharmacie-kerangal.com\/preparatoire\/fiche-de-validite\/","og_site_name":"pr\u00e9paratoire Kerangal","article_modified_time":"2024-01-15T09:09:27+00:00","og_image":[{"url":"https:\/\/pharmacie-kerangal.com\/preparatoire\/wp-content\/uploads\/sites\/3\/2024\/01\/validite-1024x505.jpg"}],"twitter_card":"summary_large_image","twitter_misc":{"Dur\u00e9e de lecture estim\u00e9e":"1 minute"},"schema":{"@context":"https:\/\/schema.org","@graph":[{"@type":"WebSite","@id":"http:\/\/pharmacie-kerangal.com\/preparatoire\/#website","url":"http:\/\/pharmacie-kerangal.com\/preparatoire\/","name":"pr\u00e9paratoire Kerangal","description":"Un site utilisant Les sites de kerangal","potentialAction":[{"@type":"SearchAction","target":{"@type":"EntryPoint","urlTemplate":"http:\/\/pharmacie-kerangal.com\/preparatoire\/?s={search_term_string}"},"query-input":"required name=search_term_string"}],"inLanguage":"fr-FR"},{"@type":"ImageObject","@id":"https:\/\/pharmacie-kerangal.com\/preparatoire\/fiche-de-validite\/#primaryimage","inLanguage":"fr-FR","url":"https:\/\/pharmacie-kerangal.com\/preparatoire\/wp-content\/uploads\/sites\/3\/2024\/01\/validite.jpg","contentUrl":"https:\/\/pharmacie-kerangal.com\/preparatoire\/wp-content\/uploads\/sites\/3\/2024\/01\/validite.jpg","width":1904,"height":939},{"@type":"WebPage","@id":"https:\/\/pharmacie-kerangal.com\/preparatoire\/fiche-de-validite\/#webpage","url":"https:\/\/pharmacie-kerangal.com\/preparatoire\/fiche-de-validite\/","name":"Fiches de validit\u00e9 - pr\u00e9paratoire Kerangal","isPartOf":{"@id":"http:\/\/pharmacie-kerangal.com\/preparatoire\/#website"},"primaryImageOfPage":{"@id":"https:\/\/pharmacie-kerangal.com\/preparatoire\/fiche-de-validite\/#primaryimage"},"datePublished":"2024-01-12T12:33:03+00:00","dateModified":"2024-01-15T09:09:27+00:00","breadcrumb":{"@id":"https:\/\/pharmacie-kerangal.com\/preparatoire\/fiche-de-validite\/#breadcrumb"},"inLanguage":"fr-FR","potentialAction":[{"@type":"ReadAction","target":["https:\/\/pharmacie-kerangal.com\/preparatoire\/fiche-de-validite\/"]}]},{"@type":"BreadcrumbList","@id":"https:\/\/pharmacie-kerangal.com\/preparatoire\/fiche-de-validite\/#breadcrumb","itemListElement":[{"@type":"ListItem","position":1,"name":"Accueil","item":"http:\/\/pharmacie-kerangal.com\/preparatoire\/"},{"@type":"ListItem","position":2,"name":"Fiches de validit\u00e9"}]}]}},"_links":{"self":[{"href":"https:\/\/pharmacie-kerangal.com\/preparatoire\/wp-json\/wp\/v2\/pages\/670"}],"collection":[{"href":"https:\/\/pharmacie-kerangal.com\/preparatoire\/wp-json\/wp\/v2\/pages"}],"about":[{"href":"https:\/\/pharmacie-kerangal.com\/preparatoire\/wp-json\/wp\/v2\/types\/page"}],"author":[{"embeddable":true,"href":"https:\/\/pharmacie-kerangal.com\/preparatoire\/wp-json\/wp\/v2\/users\/2"}],"replies":[{"embeddable":true,"href":"https:\/\/pharmacie-kerangal.com\/preparatoire\/wp-json\/wp\/v2\/comments?post=670"}],"version-history":[{"count":15,"href":"https:\/\/pharmacie-kerangal.com\/preparatoire\/wp-json\/wp\/v2\/pages\/670\/revisions"}],"predecessor-version":[{"id":703,"href":"https:\/\/pharmacie-kerangal.com\/preparatoire\/wp-json\/wp\/v2\/pages\/670\/revisions\/703"}],"wp:attachment":[{"href":"https:\/\/pharmacie-kerangal.com\/preparatoire\/wp-json\/wp\/v2\/media?parent=670"}],"curies":[{"name":"wp","href":"https:\/\/api.w.org\/{rel}","templated":true}]}}