{"id":722,"date":"2026-01-22T09:40:13","date_gmt":"2026-01-22T08:40:13","guid":{"rendered":"https:\/\/pharmacie-kerangal.com\/preparatoire\/?page_id=722"},"modified":"2026-01-22T10:02:26","modified_gmt":"2026-01-22T09:02:26","slug":"application-preparatoire-kerangal","status":"publish","type":"page","link":"https:\/\/pharmacie-kerangal.com\/preparatoire\/application-preparatoire-kerangal\/","title":{"rendered":"Comment utiliser votre espace Client ?"},"content":{"rendered":"\n<p>Le Pr\u00e9paratoire Kerangal propose une application mobile s\u00e9curis\u00e9e pour vos demandes de pr\u00e9parations, devis, suivi et acc\u00e8s \u00e0 vos factures. Pour tout savoir, cliquer sur le lien suivant:<\/p>\n\n\n\n<p><a href=\"https:\/\/kdrive.infomaniak.com\/app\/share\/474987\/d28cc088-bf38-476c-8310-69e0a4ca9470\" target=\"_blank\" rel=\"noreferrer noopener\">Comment utiliser l&rsquo;application ?<\/a><\/p>\n\n\n\n<figure class=\"wp-block-image size-large\"><a href=\"https:\/\/kdrive.infomaniak.com\/app\/share\/474987\/d28cc088-bf38-476c-8310-69e0a4ca9470\" target=\"_blank\" rel=\"noopener\"><img loading=\"lazy\" width=\"1024\" height=\"654\" src=\"https:\/\/pharmacie-kerangal.com\/preparatoire\/wp-content\/uploads\/sites\/3\/2026\/01\/Capture-decran-2026-01-22-100048-1024x654.png\" alt=\"\" class=\"wp-image-727\" srcset=\"https:\/\/pharmacie-kerangal.com\/preparatoire\/wp-content\/uploads\/sites\/3\/2026\/01\/Capture-decran-2026-01-22-100048-1024x654.png 1024w, https:\/\/pharmacie-kerangal.com\/preparatoire\/wp-content\/uploads\/sites\/3\/2026\/01\/Capture-decran-2026-01-22-100048-300x192.png 300w, https:\/\/pharmacie-kerangal.com\/preparatoire\/wp-content\/uploads\/sites\/3\/2026\/01\/Capture-decran-2026-01-22-100048-768x491.png 768w, https:\/\/pharmacie-kerangal.com\/preparatoire\/wp-content\/uploads\/sites\/3\/2026\/01\/Capture-decran-2026-01-22-100048.png 1111w\" sizes=\"(max-width: 1024px) 100vw, 1024px\" \/><\/a><\/figure>\n\n\n\n<p><\/p>\n","protected":false},"excerpt":{"rendered":"<p>Le Pr\u00e9paratoire Kerangal propose une application mobile s\u00e9curis\u00e9e pour vos demandes de pr\u00e9parations, devis, suivi et acc\u00e8s \u00e0 vos factures. Pour tout savoir, cliquer sur le lien suivant: Comment utiliser l&rsquo;application ?<\/p>\n","protected":false},"author":2,"featured_media":0,"parent":0,"menu_order":0,"comment_status":"closed","ping_status":"closed","template":"","meta":[],"yoast_head":"<!-- This site is optimized with the Yoast SEO plugin v17.3 - https:\/\/yoast.com\/wordpress\/plugins\/seo\/ -->\n<title>Comment utiliser votre espace Client ? - pr\u00e9paratoire Kerangal<\/title>\n<meta name=\"description\" content=\"Le Pr\u00e9paratoire Kerangal propose une application mobile s\u00e9curis\u00e9e pour vos demandes de pr\u00e9parations, devis, suivi et acc\u00e8s \u00e0 vos factures.\" \/>\n<meta name=\"robots\" content=\"index, follow, max-snippet:-1, max-image-preview:large, max-video-preview:-1\" \/>\n<link rel=\"canonical\" href=\"https:\/\/pharmacie-kerangal.com\/preparatoire\/application-preparatoire-kerangal\/\" \/>\n<meta property=\"og:locale\" content=\"fr_FR\" \/>\n<meta property=\"og:type\" content=\"article\" \/>\n<meta property=\"og:title\" content=\"Comment utiliser votre espace Client ? - pr\u00e9paratoire Kerangal\" \/>\n<meta property=\"og:description\" content=\"Le Pr\u00e9paratoire Kerangal propose une application mobile s\u00e9curis\u00e9e pour vos demandes de pr\u00e9parations, devis, suivi et acc\u00e8s \u00e0 vos factures.\" \/>\n<meta property=\"og:url\" content=\"https:\/\/pharmacie-kerangal.com\/preparatoire\/application-preparatoire-kerangal\/\" \/>\n<meta property=\"og:site_name\" content=\"pr\u00e9paratoire Kerangal\" \/>\n<meta property=\"article:modified_time\" content=\"2026-01-22T09:02:26+00:00\" \/>\n<meta property=\"og:image\" content=\"https:\/\/pharmacie-kerangal.com\/preparatoire\/wp-content\/uploads\/sites\/3\/2026\/01\/Capture-decran-2026-01-22-100048-1024x654.png\" \/>\n<meta name=\"twitter:card\" content=\"summary_large_image\" \/>\n<meta name=\"twitter:label1\" content=\"Dur\u00e9e de lecture estim\u00e9e\" \/>\n\t<meta name=\"twitter:data1\" content=\"1 minute\" \/>\n<script type=\"application\/ld+json\" class=\"yoast-schema-graph\">{\"@context\":\"https:\/\/schema.org\",\"@graph\":[{\"@type\":\"WebSite\",\"@id\":\"http:\/\/pharmacie-kerangal.com\/preparatoire\/#website\",\"url\":\"http:\/\/pharmacie-kerangal.com\/preparatoire\/\",\"name\":\"pr\\u00e9paratoire Kerangal\",\"description\":\"Un site utilisant Les sites de kerangal\",\"potentialAction\":[{\"@type\":\"SearchAction\",\"target\":{\"@type\":\"EntryPoint\",\"urlTemplate\":\"http:\/\/pharmacie-kerangal.com\/preparatoire\/?s={search_term_string}\"},\"query-input\":\"required name=search_term_string\"}],\"inLanguage\":\"fr-FR\"},{\"@type\":\"ImageObject\",\"@id\":\"https:\/\/pharmacie-kerangal.com\/preparatoire\/application-preparatoire-kerangal\/#primaryimage\",\"inLanguage\":\"fr-FR\",\"url\":\"https:\/\/pharmacie-kerangal.com\/preparatoire\/wp-content\/uploads\/sites\/3\/2026\/01\/Capture-decran-2026-01-22-100048.png\",\"contentUrl\":\"https:\/\/pharmacie-kerangal.com\/preparatoire\/wp-content\/uploads\/sites\/3\/2026\/01\/Capture-decran-2026-01-22-100048.png\",\"width\":1111,\"height\":710},{\"@type\":\"WebPage\",\"@id\":\"https:\/\/pharmacie-kerangal.com\/preparatoire\/application-preparatoire-kerangal\/#webpage\",\"url\":\"https:\/\/pharmacie-kerangal.com\/preparatoire\/application-preparatoire-kerangal\/\",\"name\":\"Comment utiliser votre espace Client ? - pr\\u00e9paratoire Kerangal\",\"isPartOf\":{\"@id\":\"http:\/\/pharmacie-kerangal.com\/preparatoire\/#website\"},\"primaryImageOfPage\":{\"@id\":\"https:\/\/pharmacie-kerangal.com\/preparatoire\/application-preparatoire-kerangal\/#primaryimage\"},\"datePublished\":\"2026-01-22T08:40:13+00:00\",\"dateModified\":\"2026-01-22T09:02:26+00:00\",\"description\":\"Le Pr\\u00e9paratoire Kerangal propose une application mobile s\\u00e9curis\\u00e9e pour vos demandes de pr\\u00e9parations, devis, suivi et acc\\u00e8s \\u00e0 vos factures.\",\"breadcrumb\":{\"@id\":\"https:\/\/pharmacie-kerangal.com\/preparatoire\/application-preparatoire-kerangal\/#breadcrumb\"},\"inLanguage\":\"fr-FR\",\"potentialAction\":[{\"@type\":\"ReadAction\",\"target\":[\"https:\/\/pharmacie-kerangal.com\/preparatoire\/application-preparatoire-kerangal\/\"]}]},{\"@type\":\"BreadcrumbList\",\"@id\":\"https:\/\/pharmacie-kerangal.com\/preparatoire\/application-preparatoire-kerangal\/#breadcrumb\",\"itemListElement\":[{\"@type\":\"ListItem\",\"position\":1,\"name\":\"Accueil\",\"item\":\"http:\/\/pharmacie-kerangal.com\/preparatoire\/\"},{\"@type\":\"ListItem\",\"position\":2,\"name\":\"Comment utiliser votre espace Client ?\"}]}]}<\/script>\n<!-- \/ Yoast SEO plugin. -->","yoast_head_json":{"title":"Comment utiliser votre espace Client ? - pr\u00e9paratoire Kerangal","description":"Le Pr\u00e9paratoire Kerangal propose une application mobile s\u00e9curis\u00e9e pour vos demandes de pr\u00e9parations, devis, suivi et acc\u00e8s \u00e0 vos factures.","robots":{"index":"index","follow":"follow","max-snippet":"max-snippet:-1","max-image-preview":"max-image-preview:large","max-video-preview":"max-video-preview:-1"},"canonical":"https:\/\/pharmacie-kerangal.com\/preparatoire\/application-preparatoire-kerangal\/","og_locale":"fr_FR","og_type":"article","og_title":"Comment utiliser votre espace Client ? - pr\u00e9paratoire Kerangal","og_description":"Le Pr\u00e9paratoire Kerangal propose une application mobile s\u00e9curis\u00e9e pour vos demandes de pr\u00e9parations, devis, suivi et acc\u00e8s \u00e0 vos factures.","og_url":"https:\/\/pharmacie-kerangal.com\/preparatoire\/application-preparatoire-kerangal\/","og_site_name":"pr\u00e9paratoire Kerangal","article_modified_time":"2026-01-22T09:02:26+00:00","og_image":[{"url":"https:\/\/pharmacie-kerangal.com\/preparatoire\/wp-content\/uploads\/sites\/3\/2026\/01\/Capture-decran-2026-01-22-100048-1024x654.png"}],"twitter_card":"summary_large_image","twitter_misc":{"Dur\u00e9e de lecture estim\u00e9e":"1 minute"},"schema":{"@context":"https:\/\/schema.org","@graph":[{"@type":"WebSite","@id":"http:\/\/pharmacie-kerangal.com\/preparatoire\/#website","url":"http:\/\/pharmacie-kerangal.com\/preparatoire\/","name":"pr\u00e9paratoire Kerangal","description":"Un site utilisant Les sites de kerangal","potentialAction":[{"@type":"SearchAction","target":{"@type":"EntryPoint","urlTemplate":"http:\/\/pharmacie-kerangal.com\/preparatoire\/?s={search_term_string}"},"query-input":"required name=search_term_string"}],"inLanguage":"fr-FR"},{"@type":"ImageObject","@id":"https:\/\/pharmacie-kerangal.com\/preparatoire\/application-preparatoire-kerangal\/#primaryimage","inLanguage":"fr-FR","url":"https:\/\/pharmacie-kerangal.com\/preparatoire\/wp-content\/uploads\/sites\/3\/2026\/01\/Capture-decran-2026-01-22-100048.png","contentUrl":"https:\/\/pharmacie-kerangal.com\/preparatoire\/wp-content\/uploads\/sites\/3\/2026\/01\/Capture-decran-2026-01-22-100048.png","width":1111,"height":710},{"@type":"WebPage","@id":"https:\/\/pharmacie-kerangal.com\/preparatoire\/application-preparatoire-kerangal\/#webpage","url":"https:\/\/pharmacie-kerangal.com\/preparatoire\/application-preparatoire-kerangal\/","name":"Comment utiliser votre espace Client ? - pr\u00e9paratoire Kerangal","isPartOf":{"@id":"http:\/\/pharmacie-kerangal.com\/preparatoire\/#website"},"primaryImageOfPage":{"@id":"https:\/\/pharmacie-kerangal.com\/preparatoire\/application-preparatoire-kerangal\/#primaryimage"},"datePublished":"2026-01-22T08:40:13+00:00","dateModified":"2026-01-22T09:02:26+00:00","description":"Le Pr\u00e9paratoire Kerangal propose une application mobile s\u00e9curis\u00e9e pour vos demandes de pr\u00e9parations, devis, suivi et acc\u00e8s \u00e0 vos factures.","breadcrumb":{"@id":"https:\/\/pharmacie-kerangal.com\/preparatoire\/application-preparatoire-kerangal\/#breadcrumb"},"inLanguage":"fr-FR","potentialAction":[{"@type":"ReadAction","target":["https:\/\/pharmacie-kerangal.com\/preparatoire\/application-preparatoire-kerangal\/"]}]},{"@type":"BreadcrumbList","@id":"https:\/\/pharmacie-kerangal.com\/preparatoire\/application-preparatoire-kerangal\/#breadcrumb","itemListElement":[{"@type":"ListItem","position":1,"name":"Accueil","item":"http:\/\/pharmacie-kerangal.com\/preparatoire\/"},{"@type":"ListItem","position":2,"name":"Comment utiliser votre espace Client ?"}]}]}},"_links":{"self":[{"href":"https:\/\/pharmacie-kerangal.com\/preparatoire\/wp-json\/wp\/v2\/pages\/722"}],"collection":[{"href":"https:\/\/pharmacie-kerangal.com\/preparatoire\/wp-json\/wp\/v2\/pages"}],"about":[{"href":"https:\/\/pharmacie-kerangal.com\/preparatoire\/wp-json\/wp\/v2\/types\/page"}],"author":[{"embeddable":true,"href":"https:\/\/pharmacie-kerangal.com\/preparatoire\/wp-json\/wp\/v2\/users\/2"}],"replies":[{"embeddable":true,"href":"https:\/\/pharmacie-kerangal.com\/preparatoire\/wp-json\/wp\/v2\/comments?post=722"}],"version-history":[{"count":3,"href":"https:\/\/pharmacie-kerangal.com\/preparatoire\/wp-json\/wp\/v2\/pages\/722\/revisions"}],"predecessor-version":[{"id":729,"href":"https:\/\/pharmacie-kerangal.com\/preparatoire\/wp-json\/wp\/v2\/pages\/722\/revisions\/729"}],"wp:attachment":[{"href":"https:\/\/pharmacie-kerangal.com\/preparatoire\/wp-json\/wp\/v2\/media?parent=722"}],"curies":[{"name":"wp","href":"https:\/\/api.w.org\/{rel}","templated":true}]}}