{"id":8,"date":"2020-05-07T09:51:08","date_gmt":"2020-05-07T07:51:08","guid":{"rendered":"http:\/\/pharmacie-kerangal.com\/preparatoire\/?page_id=8"},"modified":"2024-02-07T14:59:31","modified_gmt":"2024-02-07T13:59:31","slug":"nos-documents-preparatoire-kerangal","status":"publish","type":"page","link":"https:\/\/pharmacie-kerangal.com\/preparatoire\/nos-documents-preparatoire-kerangal\/","title":{"rendered":"Nos documents"},"content":{"rendered":"\n<p>Pharmacie \u00e0 rennes avec Pr\u00e9paratoire Kerangal \u00e0 rennes. C&rsquo;est un pr\u00e9paratoire de pr\u00e9parations magistrales et officinales. mais Rennes est une tr\u00e8s belle ville. Et Belle Pharmacie \u00e0 rennes avec Pr\u00e9paratoire Kerangal \u00e0 rennes. Le pr\u00e9paratoire de pr\u00e9parations magistrales et officinales. et superbe Pharmacie \u00e0 rennes avec Pr\u00e9paratoire Kerangal \u00e0 rennes est un pr\u00e9paratoire de pr\u00e9parations magistrales et officinales. aussi, Grande Pharmacie \u00e0 rennes avec Pr\u00e9paratoire Kerangal \u00e0 rennes est un pr\u00e9paratoire de pr\u00e9parations magistrales et officinales.<\/p>\n\n\n\n<p>Pharmacie \u00e0 rennes avec Pr\u00e9paratoire Kerangal \u00e0 rennes. C&rsquo;est un pr\u00e9paratoire de pr\u00e9parations magistrales et officinales. mais Rennes est une tr\u00e8s belle ville. Et Belle Pharmacie \u00e0 rennes avec Pr\u00e9paratoire Kerangal \u00e0 rennes. Le pr\u00e9paratoire de pr\u00e9parations magistrales et officinales. et superbe Pharmacie \u00e0 rennes avec Pr\u00e9paratoire Kerangal \u00e0 rennes est un pr\u00e9paratoire de pr\u00e9parations magistrales et officinales. aussi, Grande Pharmacie \u00e0 rennes avec Pr\u00e9paratoire Kerangal \u00e0 rennes est un pr\u00e9paratoire de pr\u00e9parations magistrales et officinales.<\/p>\n\n\n\n<p>Pharmacie \u00e0 rennes avec Pr\u00e9paratoire Kerangal \u00e0 rennes. C&rsquo;est un pr\u00e9paratoire de pr\u00e9parations magistrales et officinales. mais Rennes est une tr\u00e8s belle ville. Et Belle Pharmacie \u00e0 rennes avec Pr\u00e9paratoire Kerangal \u00e0 rennes. Le pr\u00e9paratoire de pr\u00e9parations magistrales et officinales. et superbe Pharmacie \u00e0 rennes avec Pr\u00e9paratoire Kerangal \u00e0 rennes est un pr\u00e9paratoire de pr\u00e9parations magistrales et officinales. aussi, Grande Pharmacie \u00e0 rennes avec Pr\u00e9paratoire Kerangal \u00e0 rennes est un pr\u00e9paratoire de pr\u00e9parations magistrales et officinales.<\/p>\n","protected":false},"excerpt":{"rendered":"<p>Pharmacie \u00e0 rennes avec Pr\u00e9paratoire Kerangal \u00e0 rennes. C&rsquo;est un pr\u00e9paratoire de pr\u00e9parations magistrales et officinales. mais Rennes est une tr\u00e8s belle ville. Et Belle Pharmacie \u00e0 rennes avec Pr\u00e9paratoire Kerangal \u00e0 rennes. Le pr\u00e9paratoire de pr\u00e9parations magistrales et officinales. et superbe Pharmacie \u00e0 rennes avec Pr\u00e9paratoire Kerangal \u00e0 rennes est un pr\u00e9paratoire de pr\u00e9parations &hellip; <a href=\"https:\/\/pharmacie-kerangal.com\/preparatoire\/nos-documents-preparatoire-kerangal\/\">Continued<\/a><\/p>\n","protected":false},"author":1,"featured_media":100,"parent":0,"menu_order":0,"comment_status":"closed","ping_status":"closed","template":"views\/template-preparatoire.blade.php","meta":[],"yoast_head":"<!-- This site is optimized with the Yoast SEO plugin v17.3 - https:\/\/yoast.com\/wordpress\/plugins\/seo\/ -->\n<title>Nos documents - pr\u00e9paratoire Kerangal \u00e0 RENNES<\/title>\n<meta name=\"description\" content=\"Retrouvez ici nos diff\u00e9rents documents: Autorisations ARS, bon de commande, Arbre d\u00e9cisionnel pour la remboursement des pr\u00e9parations..\" \/>\n<meta name=\"robots\" content=\"index, follow, max-snippet:-1, max-image-preview:large, max-video-preview:-1\" \/>\n<link rel=\"canonical\" href=\"https:\/\/pharmacie-kerangal.com\/preparatoire\/nos-documents-preparatoire-kerangal\/\" \/>\n<meta property=\"og:locale\" content=\"fr_FR\" \/>\n<meta property=\"og:type\" content=\"article\" \/>\n<meta property=\"og:title\" content=\"Nos documents - pr\u00e9paratoire Kerangal \u00e0 RENNES\" \/>\n<meta property=\"og:description\" content=\"Retrouvez ici nos diff\u00e9rents documents: Autorisations ARS, bon de commande, Arbre d\u00e9cisionnel pour la remboursement des pr\u00e9parations..\" \/>\n<meta property=\"og:url\" content=\"https:\/\/pharmacie-kerangal.com\/preparatoire\/nos-documents-preparatoire-kerangal\/\" \/>\n<meta property=\"og:site_name\" content=\"pr\u00e9paratoire Kerangal\" \/>\n<meta property=\"article:modified_time\" content=\"2024-02-07T13:59:31+00:00\" \/>\n<meta property=\"og:image\" content=\"http:\/\/pharmacie-kerangal.com\/preparatoire\/wp-content\/uploads\/sites\/3\/2020\/06\/prepa-documents.png\" \/>\n\t<meta property=\"og:image:width\" content=\"1920\" \/>\n\t<meta property=\"og:image:height\" content=\"642\" \/>\n<meta name=\"twitter:card\" content=\"summary_large_image\" \/>\n<meta name=\"twitter:label1\" content=\"Dur\u00e9e de lecture estim\u00e9e\" \/>\n\t<meta name=\"twitter:data1\" content=\"1 minute\" \/>\n<script type=\"application\/ld+json\" class=\"yoast-schema-graph\">{\"@context\":\"https:\/\/schema.org\",\"@graph\":[{\"@type\":\"WebSite\",\"@id\":\"http:\/\/pharmacie-kerangal.com\/preparatoire\/#website\",\"url\":\"http:\/\/pharmacie-kerangal.com\/preparatoire\/\",\"name\":\"pr\\u00e9paratoire Kerangal\",\"description\":\"Un site utilisant Les sites de kerangal\",\"potentialAction\":[{\"@type\":\"SearchAction\",\"target\":{\"@type\":\"EntryPoint\",\"urlTemplate\":\"http:\/\/pharmacie-kerangal.com\/preparatoire\/?s={search_term_string}\"},\"query-input\":\"required name=search_term_string\"}],\"inLanguage\":\"fr-FR\"},{\"@type\":\"ImageObject\",\"@id\":\"https:\/\/pharmacie-kerangal.com\/preparatoire\/nos-documents-preparatoire-kerangal\/#primaryimage\",\"inLanguage\":\"fr-FR\",\"url\":\"https:\/\/pharmacie-kerangal.com\/preparatoire\/wp-content\/uploads\/sites\/3\/2020\/06\/prepa-documents.png\",\"contentUrl\":\"https:\/\/pharmacie-kerangal.com\/preparatoire\/wp-content\/uploads\/sites\/3\/2020\/06\/prepa-documents.png\",\"width\":1920,\"height\":642},{\"@type\":\"WebPage\",\"@id\":\"https:\/\/pharmacie-kerangal.com\/preparatoire\/nos-documents-preparatoire-kerangal\/#webpage\",\"url\":\"https:\/\/pharmacie-kerangal.com\/preparatoire\/nos-documents-preparatoire-kerangal\/\",\"name\":\"Nos documents - pr\\u00e9paratoire Kerangal \\u00e0 RENNES\",\"isPartOf\":{\"@id\":\"http:\/\/pharmacie-kerangal.com\/preparatoire\/#website\"},\"primaryImageOfPage\":{\"@id\":\"https:\/\/pharmacie-kerangal.com\/preparatoire\/nos-documents-preparatoire-kerangal\/#primaryimage\"},\"datePublished\":\"2020-05-07T07:51:08+00:00\",\"dateModified\":\"2024-02-07T13:59:31+00:00\",\"description\":\"Retrouvez ici nos diff\\u00e9rents documents: Autorisations ARS, bon de commande, Arbre d\\u00e9cisionnel pour la remboursement des pr\\u00e9parations..\",\"breadcrumb\":{\"@id\":\"https:\/\/pharmacie-kerangal.com\/preparatoire\/nos-documents-preparatoire-kerangal\/#breadcrumb\"},\"inLanguage\":\"fr-FR\",\"potentialAction\":[{\"@type\":\"ReadAction\",\"target\":[\"https:\/\/pharmacie-kerangal.com\/preparatoire\/nos-documents-preparatoire-kerangal\/\"]}]},{\"@type\":\"BreadcrumbList\",\"@id\":\"https:\/\/pharmacie-kerangal.com\/preparatoire\/nos-documents-preparatoire-kerangal\/#breadcrumb\",\"itemListElement\":[{\"@type\":\"ListItem\",\"position\":1,\"name\":\"Accueil\",\"item\":\"http:\/\/pharmacie-kerangal.com\/preparatoire\/\"},{\"@type\":\"ListItem\",\"position\":2,\"name\":\"Nos documents\"}]}]}<\/script>\n<!-- \/ Yoast SEO plugin. -->","yoast_head_json":{"title":"Nos documents - pr\u00e9paratoire Kerangal \u00e0 RENNES","description":"Retrouvez ici nos diff\u00e9rents documents: Autorisations ARS, bon de commande, Arbre d\u00e9cisionnel pour la remboursement des pr\u00e9parations..","robots":{"index":"index","follow":"follow","max-snippet":"max-snippet:-1","max-image-preview":"max-image-preview:large","max-video-preview":"max-video-preview:-1"},"canonical":"https:\/\/pharmacie-kerangal.com\/preparatoire\/nos-documents-preparatoire-kerangal\/","og_locale":"fr_FR","og_type":"article","og_title":"Nos documents - pr\u00e9paratoire Kerangal \u00e0 RENNES","og_description":"Retrouvez ici nos diff\u00e9rents documents: Autorisations ARS, bon de commande, Arbre d\u00e9cisionnel pour la remboursement des pr\u00e9parations..","og_url":"https:\/\/pharmacie-kerangal.com\/preparatoire\/nos-documents-preparatoire-kerangal\/","og_site_name":"pr\u00e9paratoire Kerangal","article_modified_time":"2024-02-07T13:59:31+00:00","og_image":[{"width":1920,"height":642,"url":"http:\/\/pharmacie-kerangal.com\/preparatoire\/wp-content\/uploads\/sites\/3\/2020\/06\/prepa-documents.png","type":"image\/png"}],"twitter_card":"summary_large_image","twitter_misc":{"Dur\u00e9e de lecture estim\u00e9e":"1 minute"},"schema":{"@context":"https:\/\/schema.org","@graph":[{"@type":"WebSite","@id":"http:\/\/pharmacie-kerangal.com\/preparatoire\/#website","url":"http:\/\/pharmacie-kerangal.com\/preparatoire\/","name":"pr\u00e9paratoire Kerangal","description":"Un site utilisant Les sites de kerangal","potentialAction":[{"@type":"SearchAction","target":{"@type":"EntryPoint","urlTemplate":"http:\/\/pharmacie-kerangal.com\/preparatoire\/?s={search_term_string}"},"query-input":"required name=search_term_string"}],"inLanguage":"fr-FR"},{"@type":"ImageObject","@id":"https:\/\/pharmacie-kerangal.com\/preparatoire\/nos-documents-preparatoire-kerangal\/#primaryimage","inLanguage":"fr-FR","url":"https:\/\/pharmacie-kerangal.com\/preparatoire\/wp-content\/uploads\/sites\/3\/2020\/06\/prepa-documents.png","contentUrl":"https:\/\/pharmacie-kerangal.com\/preparatoire\/wp-content\/uploads\/sites\/3\/2020\/06\/prepa-documents.png","width":1920,"height":642},{"@type":"WebPage","@id":"https:\/\/pharmacie-kerangal.com\/preparatoire\/nos-documents-preparatoire-kerangal\/#webpage","url":"https:\/\/pharmacie-kerangal.com\/preparatoire\/nos-documents-preparatoire-kerangal\/","name":"Nos documents - pr\u00e9paratoire Kerangal \u00e0 RENNES","isPartOf":{"@id":"http:\/\/pharmacie-kerangal.com\/preparatoire\/#website"},"primaryImageOfPage":{"@id":"https:\/\/pharmacie-kerangal.com\/preparatoire\/nos-documents-preparatoire-kerangal\/#primaryimage"},"datePublished":"2020-05-07T07:51:08+00:00","dateModified":"2024-02-07T13:59:31+00:00","description":"Retrouvez ici nos diff\u00e9rents documents: Autorisations ARS, bon de commande, Arbre d\u00e9cisionnel pour la remboursement des pr\u00e9parations..","breadcrumb":{"@id":"https:\/\/pharmacie-kerangal.com\/preparatoire\/nos-documents-preparatoire-kerangal\/#breadcrumb"},"inLanguage":"fr-FR","potentialAction":[{"@type":"ReadAction","target":["https:\/\/pharmacie-kerangal.com\/preparatoire\/nos-documents-preparatoire-kerangal\/"]}]},{"@type":"BreadcrumbList","@id":"https:\/\/pharmacie-kerangal.com\/preparatoire\/nos-documents-preparatoire-kerangal\/#breadcrumb","itemListElement":[{"@type":"ListItem","position":1,"name":"Accueil","item":"http:\/\/pharmacie-kerangal.com\/preparatoire\/"},{"@type":"ListItem","position":2,"name":"Nos documents"}]}]}},"_links":{"self":[{"href":"https:\/\/pharmacie-kerangal.com\/preparatoire\/wp-json\/wp\/v2\/pages\/8"}],"collection":[{"href":"https:\/\/pharmacie-kerangal.com\/preparatoire\/wp-json\/wp\/v2\/pages"}],"about":[{"href":"https:\/\/pharmacie-kerangal.com\/preparatoire\/wp-json\/wp\/v2\/types\/page"}],"author":[{"embeddable":true,"href":"https:\/\/pharmacie-kerangal.com\/preparatoire\/wp-json\/wp\/v2\/users\/1"}],"replies":[{"embeddable":true,"href":"https:\/\/pharmacie-kerangal.com\/preparatoire\/wp-json\/wp\/v2\/comments?post=8"}],"version-history":[{"count":23,"href":"https:\/\/pharmacie-kerangal.com\/preparatoire\/wp-json\/wp\/v2\/pages\/8\/revisions"}],"predecessor-version":[{"id":707,"href":"https:\/\/pharmacie-kerangal.com\/preparatoire\/wp-json\/wp\/v2\/pages\/8\/revisions\/707"}],"wp:featuredmedia":[{"embeddable":true,"href":"https:\/\/pharmacie-kerangal.com\/preparatoire\/wp-json\/wp\/v2\/media\/100"}],"wp:attachment":[{"href":"https:\/\/pharmacie-kerangal.com\/preparatoire\/wp-json\/wp\/v2\/media?parent=8"}],"curies":[{"name":"wp","href":"https:\/\/api.w.org\/{rel}","templated":true}]}}